{"id":32048,"date":"2023-09-06T07:49:24","date_gmt":"2023-09-06T05:49:24","guid":{"rendered":"https:\/\/libertykite.com\/produit\/etude-de-pont\/"},"modified":"2024-12-20T16:50:11","modified_gmt":"2024-12-20T15:50:11","slug":"etude-de-pont","status":"publish","type":"product","link":"https:\/\/libertykite.com\/es\/produit\/etude-de-pont\/","title":{"rendered":"Estudio del plano"},"content":{"rendered":"<p>[et_pb_section fb_built=\u00bb1&#8243; _builder_version=\u00bb4.16&#8243; custom_padding=\u00bb56px||68px||false|false\u00bb da_disable_devices=\u00bboff|off|off\u00bb locked=\u00bboff\u00bb collapsed=\u00bbon\u00bb global_colors_info=\u00bb{}\u00bb da_is_popup=\u00bboff\u00bb da_exit_intent=\u00bboff\u00bb da_has_close=\u00bbon\u00bb da_alt_close=\u00bboff\u00bb da_dark_close=\u00bboff\u00bb da_not_modal=\u00bbon\u00bb da_is_singular=\u00bboff\u00bb da_with_loader=\u00bboff\u00bb da_has_shadow=\u00bbon\u00bb][et_pb_row column_structure=\u00bb3_5,2_5&#8243; _builder_version=\u00bb4.22.1&#8243; background_size=\u00bbinitial\u00bb background_position=\u00bbtop_left\u00bb background_repeat=\u00bbrepeat\u00bb width=\u00bb100%\u00bb custom_padding=\u00bb0px||0px||false|false\u00bb global_colors_info=\u00bb{}\u00bb][et_pb_column type=\u00bb3_5&#8243; _builder_version=\u00bb4.21.0&#8243; custom_padding=\u00bb|||\u00bb global_colors_info=\u00bb{}\u00bb custom_padding__hover=\u00bb|||\u00bb][et_pb_wc_images _builder_version=\u00bb4.21.2&#8243; _module_preset=\u00bbdefault\u00bb custom_margin=\u00bb||0px||false|false\u00bb custom_padding=\u00bb||0px||false|false\u00bb global_colors_info=\u00bb{}\u00bb][\/et_pb_wc_images][\/et_pb_column][et_pb_column type=\u00bb2_5&#8243; _builder_version=\u00bb4.22.1&#8243; background_color=\u00bb#FFF7F0&#8243; custom_padding=\u00bb20px|20px|20px|20px|false|false\u00bb border_radii=\u00bbon|20px|20px|20px|20px\u00bb border_radii_tablet=\u00bbon|40px|40px|40px|40px\u00bb border_radii_phone=\u00bbon|40px|40px|40px|40px\u00bb border_radii_last_edited=\u00bbon|tablet\u00bb border_width_all_tablet=\u00bb15px\u00bb border_width_all_phone=\u00bb15px\u00bb border_width_all_last_edited=\u00bbon|tablet\u00bb border_color_all_tablet=\u00bb#FFFFFF\u00bb border_color_all_phone=\u00bb#FFFFFF\u00bb border_color_all_last_edited=\u00bbon|tablet\u00bb global_colors_info=\u00bb{}\u00bb custom_padding__hover=\u00bb|||\u00bb][et_pb_wc_title _builder_version=\u00bb4.21.2&#8243; header_font=\u00bb|600|||||||\u00bb header_text_color=\u00bb#000000&#8243; header_font_size=\u00bb32px\u00bb custom_padding=\u00bb|10px||10px|false|false\u00bb global_colors_info=\u00bb{}\u00bb][\/et_pb_wc_title][et_pb_wc_price _builder_version=\u00bb4.21.0&#8243; body_text_color=\u00bb#000000&#8243; body_font_size=\u00bb20px\u00bb custom_padding=\u00bb|10px||10px|false|false\u00bb global_colors_info=\u00bb{}\u00bb][\/et_pb_wc_price][et_pb_wc_description _builder_version=\u00bb4.22.1&#8243; custom_padding=\u00bb|10px||10px|false|false\u00bb global_colors_info=\u00bb{}\u00bb][\/et_pb_wc_description][et_pb_wc_stock _builder_version=\u00bb4.21.0&#8243; _module_preset=\u00bbdefault\u00bb instock_text_align=\u00bbleft\u00bb instock_text_color=\u00bb#000000&#8243; instock_font_size=\u00bb18px\u00bb custom_padding=\u00bb|||10px|false|false\u00bb global_colors_info=\u00bb{}\u00bb][\/et_pb_wc_stock][et_pb_wc_add_to_cart show_stock=\u00bboff\u00bb _builder_version=\u00bb4.21.0&#8243; custom_button=\u00bbon\u00bb button_text_color=\u00bb#FFFFFF\u00bb button_bg_color=\u00bb#E35F22&#8243; button_border_color=\u00bbRGBA(255,255,255,0)\u00bb button_border_radius=\u00bb28px\u00bb button_use_icon=\u00bboff\u00bb custom_padding=\u00bb|10px||10px|false|false\u00bb global_colors_info=\u00bb{}\u00bb transform_styles__hover_enabled=\u00bbon|hover\u00bb transform_scale__hover_enabled=\u00bbon|hover\u00bb transform_translate__hover_enabled=\u00bbon|desktop\u00bb transform_rotate__hover_enabled=\u00bbon|desktop\u00bb transform_skew__hover_enabled=\u00bbon|desktop\u00bb transform_origin__hover_enabled=\u00bbon|desktop\u00bb][\/et_pb_wc_add_to_cart][\/et_pb_column][\/et_pb_row][\/et_pb_section][et_pb_section fb_built=\u00bb1&#8243; admin_label=\u00bbSection\u00bb _builder_version=\u00bb4.16&#8243; custom_padding=\u00bb0px||0px||false|false\u00bb da_disable_devices=\u00bboff|off|off\u00bb locked=\u00bboff\u00bb global_colors_info=\u00bb{}\u00bb da_is_popup=\u00bboff\u00bb da_exit_intent=\u00bboff\u00bb da_has_close=\u00bbon\u00bb da_alt_close=\u00bboff\u00bb da_dark_close=\u00bboff\u00bb da_not_modal=\u00bbon\u00bb da_is_singular=\u00bboff\u00bb da_with_loader=\u00bboff\u00bb da_has_shadow=\u00bbon\u00bb][et_pb_row disabled_on=\u00bboff|off|off\u00bb _builder_version=\u00bb4.22.1&#8243; _module_preset=\u00bbdefault\u00bb background_enable_color=\u00bboff\u00bb width_tablet=\u00bb\u00bb width_phone=\u00bb100%\u00bb width_last_edited=\u00bbon|phone\u00bb max_width_tablet=\u00bb\u00bb max_width_phone=\u00bb100%\u00bb max_width_last_edited=\u00bbon|desktop\u00bb locked=\u00bboff\u00bb global_colors_info=\u00bb{}\u00bb][et_pb_column type=\u00bb4_4&#8243; _builder_version=\u00bb4.22.1&#8243; _module_preset=\u00bbdefault\u00bb global_colors_info=\u00bb{}\u00bb][et_pb_text _builder_version=\u00bb4.22.1&#8243; _module_preset=\u00bbdefault\u00bb header_3_font=\u00bb|700|||||||\u00bb header_3_text_align=\u00bbcenter\u00bb header_3_text_color=\u00bb#000000&#8243; header_3_font_size=\u00bb31px\u00bb width=\u00bb29%\u00bb width_tablet=\u00bb60%\u00bb width_phone=\u00bb67%\u00bb width_last_edited=\u00bbon|phone\u00bb module_alignment=\u00bbcenter\u00bb border_color_all=\u00bb#E35F22&#8243; border_width_bottom=\u00bb4px\u00bb global_colors_info=\u00bb{}\u00bb]<\/p>\n<h3>Completa tu compra<\/h3>\n<p>[\/et_pb_text][et_pb_text _builder_version=\u00bb4.22.1&#8243; _module_preset=\u00bbdefault\u00bb text_orientation=\u00bbcenter\u00bb global_colors_info=\u00bb{}\u00bb]<\/p>\n<p>Para un uso \u00f3ptimo, recomendamos estos art\u00edculos.<\/p>\n<p>[\/et_pb_text][dica_divi_carousel loop=\u00bbon\u00bb autoplay=\u00bbon\u00bb autoplay_speed=\u00bb1500&#8243; arrow_nav=\u00bbon\u00bb advanced_effect=\u00bb1&#8243; arrow_nav_color=\u00bb#E35F0F\u00bb arrow_bg_color=\u00bbRGBA(255,255,255,0)\u00bb title_background=\u00bbRGBA(255,255,255,0)\u00bb arrow_position=\u00bbmiddle-outside\u00bb disabled_on=\u00bbon|off|off\u00bb _builder_version=\u00bb4.27.2&#8243; _module_preset=\u00bbdefault\u00bb title_font_size=\u00bb24px\u00bb subtitle_text_color=\u00bb#000000&#8243; subtitle_font_size=\u00bb22px\u00bb background_color=\u00bbRGBA(255,255,255,0)\u00bb hover_enabled=\u00bb0&#8243; border_radii_image=\u00bbon|40px|40px|40px|40px\u00bb global_colors_info=\u00bb{}\u00bb show_items_desktop=\u00bb2&#8243; show_items_tablet=\u00bb2&#8243; sticky_enabled=\u00bb0&#8243;][dica_divi_carouselitem title=\u00bbAnillo de fricci\u00f3n\u00bb sub_title=\u00bb33,50 \u20ac HT\u00bb admin_label=\u00bbAnneaux de friction\u00bb button_url_new_window=\u00bb1&#8243; image=\u00bbhttps:\/\/libertykite.com\/wp-content\/uploads\/2023\/09\/Anneaux-c1-1.jpg\u00bb _builder_version=\u00bb4.22.1&#8243; _module_preset=\u00bbdefault\u00bb link_option_url=\u00bbhttps:\/\/libertykite.com\/produit\/loop-and-ring\/\u00bb header_font_size_tablet=\u00bb19px\u00bb header_font_size_phone=\u00bb\u00bb header_font_size_last_edited=\u00bbon|tablet\u00bb global_colors_info=\u00bb{}\u00bb]<\/p>\n<form class=\"cart\" action=\"#\" method=\"post\" enctype=\"multipart\/form-data\">\n<div id=\"custom-qty\" class=\"quantity\"><label class=\"screen-reader-text\" for=\"quantity_64fabeb83f366\">quantit\u00e9 de produits<\/label><br \/><input type=\"number\" id=\"quantity_64fabeb83f366\" class=\"input-text qty text\" name=\"quantity\" value=\"1\" aria-label=\"Quantit\u00e9 de produits\" size=\"4\" min=\"1\" max=\"\" step=\"1\" placeholder=\"\" inputmode=\"numeric\" autocomplete=\"off\" \/><\/div>\n<p><button type=\"submit\" name=\"add-to-cart\" value=\"28188\" class=\"single_add_to_cart_button button alt\">A\u00f1adir al carrito<\/button><\/p>\n<\/form>\n<p>[\/dica_divi_carouselitem][dica_divi_carouselitem title=\u00bbKiteboom\u00bb sub_title=\u00bbA petici\u00f3n\u00bb admin_label=\u00bbKiteboom\u00bb button_url_new_window=\u00bb1&#8243; image=\u00bbhttps:\/\/libertykite.com\/wp-content\/uploads\/2023\/09\/Kiteboom-c1-1.jpg\u00bb _builder_version=\u00bb4.22.1&#8243; _module_preset=\u00bbdefault\u00bb link_option_url=\u00bbhttps:\/\/libertykite.com\/produit\/kiteboom\/\u00bb header_font_size_tablet=\u00bb19px\u00bb header_font_size_phone=\u00bb\u00bb header_font_size_last_edited=\u00bbon|tablet\u00bb global_colors_info=\u00bb{}\u00bb]<\/p>\n<div class=\"et_pb_button_module_wrapper et_pb_button_0_wrapper et_pb_button_alignment_center et_pb_module \" style=\"text-align: center;\"><a class=\"single_add_to_cart_button button\" href=\"https:\/\/libertykite.com\/es\/nous-contacter\/\">Cont\u00e1ctenos<\/a><\/div>\n<p>[\/dica_divi_carouselitem][\/dica_divi_carousel][dica_divi_carousel multislide=\u00bbon\u00bb transition_duration=\u00bb2000&#8243; autoplay=\u00bbon\u00bb autoplay_speed=\u00bb2000&#8243; arrow_nav=\u00bbon\u00bb dot_nav=\u00bbon\u00bb advanced_effect=\u00bb1&#8243; arrow_nav_color=\u00bb#000000&#8243; arrow_bg_color=\u00bbRGBA(255,255,255,0)\u00bb dots_color=\u00bb#E8E8E8&#8243; dots_active_color=\u00bb#E35F0F\u00bb title_background=\u00bbRGBA(255,255,255,0)\u00bb arrow_position=\u00bbmiddle-outside\u00bb arrow_font_size=\u00bb35px\u00bb disabled_on=\u00bboff|on|on\u00bb _builder_version=\u00bb4.27.2&#8243; _module_preset=\u00bbdefault\u00bb title_text_align=\u00bbcenter\u00bb title_text_color=\u00bb#000000&#8243; title_line_height=\u00bb2.1em\u00bb subtitle_text_align=\u00bbcenter\u00bb body_text_align=\u00bbcenter\u00bb width=\u00bb66%\u00bb max_width=\u00bb97%\u00bb module_alignment=\u00bbcenter\u00bb hover_enabled=\u00bb0&#8243; locked=\u00bboff\u00bb global_colors_info=\u00bb{}\u00bb sticky_enabled=\u00bb0&#8243; show_items_desktop=\u00bb2&#8243; show_items_tablet=\u00bb2&#8243;][dica_divi_carouselitem title=\u00bbAnillo de fricci\u00f3n\u00bb sub_title=\u00bb33,50 \u20ac HT\u00bb admin_label=\u00bbAnneaux de friction\u00bb button_url_new_window=\u00bb1&#8243; image=\u00bbhttps:\/\/libertykite.com\/wp-content\/uploads\/2023\/09\/Anneaux-c1-1.jpg\u00bb _builder_version=\u00bb4.22.1&#8243; _module_preset=\u00bbdefault\u00bb link_option_url=\u00bbhttps:\/\/libertykite.com\/produit\/loop-and-ring\/\u00bb header_font_size_tablet=\u00bb19px\u00bb header_font_size_phone=\u00bb\u00bb header_font_size_last_edited=\u00bbon|tablet\u00bb global_colors_info=\u00bb{}\u00bb]<\/p>\n<form class=\"cart\" action=\"#\" method=\"post\" enctype=\"multipart\/form-data\">\n<div id=\"custom-qty\" class=\"quantity\"><label class=\"screen-reader-text\" for=\"quantity_64fabeb83f366\">quantit\u00e9 de produits<\/label><br \/><input type=\"number\" id=\"quantity_64fabeb83f366\" class=\"input-text qty text\" name=\"quantity\" value=\"1\" aria-label=\"Quantit\u00e9 de produits\" size=\"4\" min=\"1\" max=\"\" step=\"1\" placeholder=\"\" inputmode=\"numeric\" autocomplete=\"off\" \/><\/div>\n<p><button type=\"submit\" name=\"add-to-cart\" value=\"28188\" class=\"single_add_to_cart_button button alt\">A\u00f1adir al carrito<\/button><\/p>\n<\/form>\n<p>[\/dica_divi_carouselitem][dica_divi_carouselitem title=\u00bbKiteboom\u00bb sub_title=\u00bbA petici\u00f3n\u00bb admin_label=\u00bbKiteboom\u00bb button_url_new_window=\u00bb1&#8243; image=\u00bbhttps:\/\/libertykite.com\/wp-content\/uploads\/2023\/09\/Kiteboom-c1-1.jpg\u00bb _builder_version=\u00bb4.22.1&#8243; _module_preset=\u00bbdefault\u00bb link_option_url=\u00bbhttps:\/\/libertykite.com\/produit\/kiteboom\/\u00bb header_font_size_tablet=\u00bb19px\u00bb header_font_size_phone=\u00bb\u00bb header_font_size_last_edited=\u00bbon|tablet\u00bb global_colors_info=\u00bb{}\u00bb]<\/p>\n<div class=\"et_pb_button_module_wrapper et_pb_button_0_wrapper et_pb_button_alignment_center et_pb_module \" style=\"text-align: center;\"><a class=\"single_add_to_cart_button button\" href=\"https:\/\/libertykite.com\/es\/nous-contacter\/\">Cont\u00e1ctenos<\/a><\/div>\n<p>[\/dica_divi_carouselitem][\/dica_divi_carousel][\/et_pb_column][\/et_pb_row][\/et_pb_section]<\/p>\n","protected":false},"excerpt":{"rendered":"<p>Se realiza un an\u00e1lisis previo para comprobar la compatibilidad del Libertykite\u00ae con su embarcaci\u00f3n seg\u00fan sus proyectos. Este paso tiene como objetivo identificar posibles obst\u00e1culos y determinar el tama\u00f1o adecuado del ala.<\/p>\n<p>El estudio del plano de cubierta consiste en sugerir una o m\u00e1s configuraciones posibles para los puntos de tracci\u00f3n y amarre en la cubierta de la embarcaci\u00f3n.<\/p>\n<p>Tambi\u00e9n tiene en cuenta el trazado de las l\u00edneas bas\u00e1ndose en los elementos estructurales existentes y la especificaci\u00f3n del equipamiento adicional que suele ser necesario.<\/p>\n<p>Este estudio del plano est\u00e1 incluido en el precio de cometa de 40m\u00b2 y m\u00e1s.<\/p>\n","protected":false},"featured_media":31365,"template":"","meta":{"_et_pb_use_builder":"on","_et_pb_old_content":"","_et_gb_content_width":"","content-type":"","inline_featured_image":false,"_monsterinsights_skip_tracking":false,"_monsterinsights_sitenote_active":false,"_monsterinsights_sitenote_note":"","_monsterinsights_sitenote_category":0},"product_brand":[],"product_cat":[204],"product_tag":[],"class_list":{"0":"post-32048","1":"product","2":"type-product","3":"status-publish","4":"has-post-thumbnail","6":"product_cat-accessoires-es","8":"first","9":"instock","10":"taxable","11":"shipping-taxable","12":"purchasable","13":"product-type-simple"},"acf":[],"yoast_head":"<!-- This site is optimized with the Yoast SEO plugin v27.1.1 - https:\/\/yoast.com\/product\/yoast-seo-wordpress\/ -->\n<title>Estudio del plano - LibertyKite<\/title>\n<meta name=\"robots\" content=\"index, follow, max-snippet:-1, max-image-preview:large, max-video-preview:-1\" \/>\n<link rel=\"canonical\" href=\"https:\/\/libertykite.com\/es\/produit\/etude-de-pont\/\" \/>\n<meta property=\"og:locale\" content=\"es_ES\" \/>\n<meta property=\"og:type\" content=\"article\" \/>\n<meta property=\"og:title\" content=\"Estudio del plano - LibertyKite\" \/>\n<meta property=\"og:description\" content=\"Se realiza un an\u00e1lisis previo para comprobar la compatibilidad del Libertykite\u00ae con su embarcaci\u00f3n seg\u00fan sus proyectos. Este paso tiene como objetivo identificar posibles obst\u00e1culos y determinar el tama\u00f1o adecuado del ala.  El estudio del plano de cubierta consiste en sugerir una o m\u00e1s configuraciones posibles para los puntos de tracci\u00f3n y amarre en la cubierta de la embarcaci\u00f3n.  Tambi\u00e9n tiene en cuenta el trazado de las l\u00edneas bas\u00e1ndose en los elementos estructurales existentes y la especificaci\u00f3n del equipamiento adicional que suele ser necesario.  Este estudio del plano est\u00e1 incluido en el precio de cometa de 40m\u00b2 y m\u00e1s.\" \/>\n<meta property=\"og:url\" content=\"https:\/\/libertykite.com\/es\/produit\/etude-de-pont\/\" \/>\n<meta property=\"og:site_name\" content=\"LibertyKite\" \/>\n<meta property=\"article:modified_time\" content=\"2024-12-20T15:50:11+00:00\" \/>\n<meta property=\"og:image\" content=\"https:\/\/libertykite.com\/wp-content\/uploads\/2023\/09\/etude-pont-1.jpg\" \/>\n\t<meta property=\"og:image:width\" content=\"1879\" \/>\n\t<meta property=\"og:image:height\" content=\"1399\" \/>\n\t<meta property=\"og:image:type\" content=\"image\/jpeg\" \/>\n<meta name=\"twitter:card\" content=\"summary_large_image\" \/>\n<meta name=\"twitter:label1\" content=\"Tiempo de lectura\" \/>\n\t<meta name=\"twitter:data1\" content=\"3 minutos\" \/>\n<script type=\"application\/ld+json\" class=\"yoast-schema-graph\">{\"@context\":\"https:\/\/schema.org\",\"@graph\":[{\"@type\":\"WebPage\",\"@id\":\"https:\/\/libertykite.com\/es\/produit\/etude-de-pont\/\",\"url\":\"https:\/\/libertykite.com\/es\/produit\/etude-de-pont\/\",\"name\":\"Estudio del plano - LibertyKite\",\"isPartOf\":{\"@id\":\"https:\/\/libertykite.com\/en\/the-liberty-kite\/#website\"},\"primaryImageOfPage\":{\"@id\":\"https:\/\/libertykite.com\/es\/produit\/etude-de-pont\/#primaryimage\"},\"image\":{\"@id\":\"https:\/\/libertykite.com\/es\/produit\/etude-de-pont\/#primaryimage\"},\"thumbnailUrl\":\"https:\/\/libertykite.com\/wp-content\/uploads\/2023\/09\/etude-pont-1.jpg\",\"datePublished\":\"2023-09-06T05:49:24+00:00\",\"dateModified\":\"2024-12-20T15:50:11+00:00\",\"breadcrumb\":{\"@id\":\"https:\/\/libertykite.com\/es\/produit\/etude-de-pont\/#breadcrumb\"},\"inLanguage\":\"es\",\"potentialAction\":[{\"@type\":\"ReadAction\",\"target\":[\"https:\/\/libertykite.com\/es\/produit\/etude-de-pont\/\"]}]},{\"@type\":\"ImageObject\",\"inLanguage\":\"es\",\"@id\":\"https:\/\/libertykite.com\/es\/produit\/etude-de-pont\/#primaryimage\",\"url\":\"https:\/\/libertykite.com\/wp-content\/uploads\/2023\/09\/etude-pont-1.jpg\",\"contentUrl\":\"https:\/\/libertykite.com\/wp-content\/uploads\/2023\/09\/etude-pont-1.jpg\",\"width\":1879,\"height\":1399},{\"@type\":\"BreadcrumbList\",\"@id\":\"https:\/\/libertykite.com\/es\/produit\/etude-de-pont\/#breadcrumb\",\"itemListElement\":[{\"@type\":\"ListItem\",\"position\":1,\"name\":\"Accueil\",\"item\":\"https:\/\/libertykite.com\/\"},{\"@type\":\"ListItem\",\"position\":2,\"name\":\"Les produits\",\"item\":\"https:\/\/libertykite.com\/les-produits\/\"},{\"@type\":\"ListItem\",\"position\":3,\"name\":\"Estudio del plano\"}]},{\"@type\":\"WebSite\",\"@id\":\"https:\/\/libertykite.com\/en\/the-liberty-kite\/#website\",\"url\":\"https:\/\/libertykite.com\/en\/the-liberty-kite\/\",\"name\":\"LibertyKite\",\"description\":\"Naviguez librement et en toute s\u00e9curit\u00e9 !\",\"potentialAction\":[{\"@type\":\"SearchAction\",\"target\":{\"@type\":\"EntryPoint\",\"urlTemplate\":\"https:\/\/libertykite.com\/en\/the-liberty-kite\/?s={search_term_string}\"},\"query-input\":{\"@type\":\"PropertyValueSpecification\",\"valueRequired\":true,\"valueName\":\"search_term_string\"}}],\"inLanguage\":\"es\"}]}<\/script>\n<!-- \/ Yoast SEO plugin. -->","yoast_head_json":{"title":"Estudio del plano - LibertyKite","robots":{"index":"index","follow":"follow","max-snippet":"max-snippet:-1","max-image-preview":"max-image-preview:large","max-video-preview":"max-video-preview:-1"},"canonical":"https:\/\/libertykite.com\/es\/produit\/etude-de-pont\/","og_locale":"es_ES","og_type":"article","og_title":"Estudio del plano - LibertyKite","og_description":"Se realiza un an\u00e1lisis previo para comprobar la compatibilidad del Libertykite\u00ae con su embarcaci\u00f3n seg\u00fan sus proyectos. Este paso tiene como objetivo identificar posibles obst\u00e1culos y determinar el tama\u00f1o adecuado del ala.  El estudio del plano de cubierta consiste en sugerir una o m\u00e1s configuraciones posibles para los puntos de tracci\u00f3n y amarre en la cubierta de la embarcaci\u00f3n.  Tambi\u00e9n tiene en cuenta el trazado de las l\u00edneas bas\u00e1ndose en los elementos estructurales existentes y la especificaci\u00f3n del equipamiento adicional que suele ser necesario.  Este estudio del plano est\u00e1 incluido en el precio de cometa de 40m\u00b2 y m\u00e1s.","og_url":"https:\/\/libertykite.com\/es\/produit\/etude-de-pont\/","og_site_name":"LibertyKite","article_modified_time":"2024-12-20T15:50:11+00:00","og_image":[{"width":1879,"height":1399,"url":"https:\/\/libertykite.com\/wp-content\/uploads\/2023\/09\/etude-pont-1.jpg","type":"image\/jpeg"}],"twitter_card":"summary_large_image","twitter_misc":{"Tiempo de lectura":"3 minutos"},"schema":{"@context":"https:\/\/schema.org","@graph":[{"@type":"WebPage","@id":"https:\/\/libertykite.com\/es\/produit\/etude-de-pont\/","url":"https:\/\/libertykite.com\/es\/produit\/etude-de-pont\/","name":"Estudio del plano - LibertyKite","isPartOf":{"@id":"https:\/\/libertykite.com\/en\/the-liberty-kite\/#website"},"primaryImageOfPage":{"@id":"https:\/\/libertykite.com\/es\/produit\/etude-de-pont\/#primaryimage"},"image":{"@id":"https:\/\/libertykite.com\/es\/produit\/etude-de-pont\/#primaryimage"},"thumbnailUrl":"https:\/\/libertykite.com\/wp-content\/uploads\/2023\/09\/etude-pont-1.jpg","datePublished":"2023-09-06T05:49:24+00:00","dateModified":"2024-12-20T15:50:11+00:00","breadcrumb":{"@id":"https:\/\/libertykite.com\/es\/produit\/etude-de-pont\/#breadcrumb"},"inLanguage":"es","potentialAction":[{"@type":"ReadAction","target":["https:\/\/libertykite.com\/es\/produit\/etude-de-pont\/"]}]},{"@type":"ImageObject","inLanguage":"es","@id":"https:\/\/libertykite.com\/es\/produit\/etude-de-pont\/#primaryimage","url":"https:\/\/libertykite.com\/wp-content\/uploads\/2023\/09\/etude-pont-1.jpg","contentUrl":"https:\/\/libertykite.com\/wp-content\/uploads\/2023\/09\/etude-pont-1.jpg","width":1879,"height":1399},{"@type":"BreadcrumbList","@id":"https:\/\/libertykite.com\/es\/produit\/etude-de-pont\/#breadcrumb","itemListElement":[{"@type":"ListItem","position":1,"name":"Accueil","item":"https:\/\/libertykite.com\/"},{"@type":"ListItem","position":2,"name":"Les produits","item":"https:\/\/libertykite.com\/les-produits\/"},{"@type":"ListItem","position":3,"name":"Estudio del plano"}]},{"@type":"WebSite","@id":"https:\/\/libertykite.com\/en\/the-liberty-kite\/#website","url":"https:\/\/libertykite.com\/en\/the-liberty-kite\/","name":"LibertyKite","description":"Naviguez librement et en toute s\u00e9curit\u00e9 !","potentialAction":[{"@type":"SearchAction","target":{"@type":"EntryPoint","urlTemplate":"https:\/\/libertykite.com\/en\/the-liberty-kite\/?s={search_term_string}"},"query-input":{"@type":"PropertyValueSpecification","valueRequired":true,"valueName":"search_term_string"}}],"inLanguage":"es"}]}},"_links":{"self":[{"href":"https:\/\/libertykite.com\/es\/wp-json\/wp\/v2\/product\/32048","targetHints":{"allow":["GET"]}}],"collection":[{"href":"https:\/\/libertykite.com\/es\/wp-json\/wp\/v2\/product"}],"about":[{"href":"https:\/\/libertykite.com\/es\/wp-json\/wp\/v2\/types\/product"}],"wp:featuredmedia":[{"embeddable":true,"href":"https:\/\/libertykite.com\/es\/wp-json\/wp\/v2\/media\/31365"}],"wp:attachment":[{"href":"https:\/\/libertykite.com\/es\/wp-json\/wp\/v2\/media?parent=32048"}],"wp:term":[{"taxonomy":"product_brand","embeddable":true,"href":"https:\/\/libertykite.com\/es\/wp-json\/wp\/v2\/product_brand?post=32048"},{"taxonomy":"product_cat","embeddable":true,"href":"https:\/\/libertykite.com\/es\/wp-json\/wp\/v2\/product_cat?post=32048"},{"taxonomy":"product_tag","embeddable":true,"href":"https:\/\/libertykite.com\/es\/wp-json\/wp\/v2\/product_tag?post=32048"}],"curies":[{"name":"wp","href":"https:\/\/api.w.org\/{rel}","templated":true}]}}