{"id":32213,"date":"2023-08-29T04:57:37","date_gmt":"2023-08-29T02:57:37","guid":{"rendered":"https:\/\/libertykite.com\/informacion-juridica\/"},"modified":"2023-10-13T12:57:40","modified_gmt":"2023-10-13T10:57:40","slug":"informacion-juridica","status":"publish","type":"page","link":"https:\/\/libertykite.com\/es\/informacion-juridica\/","title":{"rendered":"Informaci\u00f3n jur\u00eddica"},"content":{"rendered":"<p>[et_pb_section fb_built=\u00bb1&#8243; _builder_version=\u00bb4.16&#8243; custom_padding=\u00bb0|0px|54px|0px\u00bb da_disable_devices=\u00bboff|off|off\u00bb global_colors_info=\u00bb{}\u00bb da_is_popup=\u00bboff\u00bb da_exit_intent=\u00bboff\u00bb da_has_close=\u00bbon\u00bb da_alt_close=\u00bboff\u00bb da_dark_close=\u00bboff\u00bb da_not_modal=\u00bbon\u00bb da_is_singular=\u00bboff\u00bb da_with_loader=\u00bboff\u00bb da_has_shadow=\u00bbon\u00bb][et_pb_row _builder_version=\u00bb4.16&#8243; background_size=\u00bbinitial\u00bb background_position=\u00bbtop_left\u00bb background_repeat=\u00bbrepeat\u00bb global_colors_info=\u00bb{}\u00bb][et_pb_column type=\u00bb4_4&#8243; _builder_version=\u00bb4.16&#8243; custom_padding=\u00bb|||\u00bb global_colors_info=\u00bb{}\u00bb custom_padding__hover=\u00bb|||\u00bb][et_pb_text _builder_version=\u00bb4.22.1&#8243; _module_preset=\u00bbdefault\u00bb text_font=\u00bb|700|||||||\u00bb text_text_color=\u00bb#E35F22&#8243; header_font=\u00bb|||||||#E35F22|\u00bb header_text_align=\u00bbcenter\u00bb header_text_color=\u00bb#000000&#8243; text_orientation=\u00bbcenter\u00bb custom_margin=\u00bb||0px||false|true\u00bb custom_margin_tablet=\u00bb|0px||0px|false|true\u00bb custom_margin_phone=\u00bb|10px||10px|false|true\u00bb custom_margin_last_edited=\u00bbon|desktop\u00bb custom_padding=\u00bb0px||||false|true\u00bb border_color_bottom=\u00bb#E35F22&#8243; locked=\u00bboff\u00bb global_colors_info=\u00bb{}\u00bb]<\/p>\n<h1>Informaci\u00f3n jur\u00eddica<\/h1>\n<p>\u2500\u2500\u2500\u2500\u2500\u2500\u2500\u2500\u2500\u2500\u2500\u2500\u2500\u2500\u2500\u2500\u2500\u2500\u2500\u2500<\/p>\n<p>[\/et_pb_text][et_pb_text _builder_version=\u00bb4.22.1&#8243; header_2_text_color=\u00bb#E35F22&#8243; hover_enabled=\u00bb0&#8243; global_colors_info=\u00bb{}\u00bb sticky_enabled=\u00bb0&#8243;]<\/p>\n<p>Editor :<br \/>LibertyKite<br \/>SARL Oc\u00e9a<br \/>1010 avenue de l&#8217;Europe<br \/>33260 La Teste de Buch<br \/>05 57 15 22 62<br \/>Yves Parlier<br \/>RCS : Burdeos R 387 944 408<\/p>\n<p>Organiza<br \/>DATACAMPUS, sociedad por acciones simplificada con capital de 100.000 euros<br \/>35 Rue du Grand Puits &#8211; 79230 VOUILLE<br \/>RCS 799 902 051 RCS NIORT<\/p>\n<p>Dise\u00f1o y desarrollo :<br \/>Publicado por : LibertyKite &#8211; Marion GAILLARD &amp; Olivier TERLEZ (Pixel XXL)<\/p>\n<p>Propiedad intelectual e infracciones<br \/>LibertyKite es propietaria de los derechos de propiedad intelectual o titular de los derechos de uso sobre todos los elementos accesibles en el sitio, en particular los textos, im\u00e1genes, gr\u00e1ficos, logotipos, iconos, sonidos y software.<br \/>Toda reproducci\u00f3n, representaci\u00f3n, modificaci\u00f3n, publicaci\u00f3n, adaptaci\u00f3n de la totalidad o parte de los elementos del sitio, cualesquiera que sean los medios o procedimientos utilizados, est\u00e1 prohibida, salvo autorizaci\u00f3n previa por escrito de LibertyKite.<br \/>Cualquier uso no autorizado del sitio o de cualquiera de los elementos que contiene se considerar\u00e1 constitutivo de infracci\u00f3n y ser\u00e1 perseguido de conformidad con lo dispuesto en los art\u00edculos L.335-2 y siguientes del C\u00f3digo franc\u00e9s de la Propiedad Intelectual.<\/p>\n<p>Fotos y v\u00eddeos:<br \/>Las fotos fueron tomadas por :<\/p>\n<p>Patrice Hauser &#8211; Midi Prod<br \/>B. Gergaud<br \/>B&#8217;A<br \/>David Ouzillou<\/p>\n<p>[\/et_pb_text][\/et_pb_column][\/et_pb_row][\/et_pb_section]<\/p>\n","protected":false},"excerpt":{"rendered":"<p>Informaci\u00f3n jur\u00eddica \u2500\u2500\u2500\u2500\u2500\u2500\u2500\u2500\u2500\u2500\u2500\u2500\u2500\u2500\u2500\u2500\u2500\u2500\u2500\u2500Editor :LibertyKiteSARL Oc\u00e9a1010 avenue de l&#8217;Europe33260 La Teste de Buch05 57 15 22 62Yves ParlierRCS : Burdeos R 387 944 408 OrganizaDATACAMPUS, sociedad por acciones simplificada con capital de 100.000 euros35 Rue du Grand Puits &#8211; 79230 VOUILLERCS 799 902 051 RCS NIORT Dise\u00f1o y desarrollo :Publicado por : LibertyKite &#8211; Marion GAILLARD [&hellip;]<\/p>\n","protected":false},"author":16,"featured_media":0,"parent":0,"menu_order":0,"comment_status":"closed","ping_status":"closed","template":"","meta":{"_et_pb_use_builder":"on","_et_pb_old_content":"","_et_gb_content_width":"","content-type":"","inline_featured_image":false,"_monsterinsights_skip_tracking":false,"_monsterinsights_sitenote_active":false,"_monsterinsights_sitenote_note":"","_monsterinsights_sitenote_category":0,"footnotes":""},"class_list":["post-32213","page","type-page","status-publish","hentry"],"acf":[],"yoast_head":"<!-- This site is optimized with the Yoast SEO plugin v27.1.1 - https:\/\/yoast.com\/product\/yoast-seo-wordpress\/ -->\n<title>Informaci\u00f3n jur\u00eddica - LibertyKite<\/title>\n<meta name=\"robots\" content=\"index, follow, max-snippet:-1, max-image-preview:large, max-video-preview:-1\" \/>\n<link rel=\"canonical\" href=\"https:\/\/libertykite.com\/mentions-legales\/\" \/>\n<meta property=\"og:locale\" content=\"es_ES\" \/>\n<meta property=\"og:type\" content=\"article\" \/>\n<meta property=\"og:title\" content=\"Informaci\u00f3n jur\u00eddica - LibertyKite\" \/>\n<meta property=\"og:description\" content=\"Informaci\u00f3n jur\u00eddica \u2500\u2500\u2500\u2500\u2500\u2500\u2500\u2500\u2500\u2500\u2500\u2500\u2500\u2500\u2500\u2500\u2500\u2500\u2500\u2500Editor :LibertyKiteSARL Oc\u00e9a1010 avenue de l&#039;Europe33260 La Teste de Buch05 57 15 22 62Yves ParlierRCS : Burdeos R 387 944 408 OrganizaDATACAMPUS, sociedad por acciones simplificada con capital de 100.000 euros35 Rue du Grand Puits - 79230 VOUILLERCS 799 902 051 RCS NIORT Dise\u00f1o y desarrollo :Publicado por : LibertyKite - Marion GAILLARD [&hellip;]\" \/>\n<meta property=\"og:url\" content=\"https:\/\/libertykite.com\/mentions-legales\/\" \/>\n<meta property=\"og:site_name\" content=\"LibertyKite\" \/>\n<meta property=\"article:modified_time\" content=\"2023-10-13T10:57:40+00:00\" \/>\n<meta name=\"twitter:card\" content=\"summary_large_image\" \/>\n<meta name=\"twitter:label1\" content=\"Tiempo de lectura\" \/>\n\t<meta name=\"twitter:data1\" content=\"2 minutos\" \/>\n<script type=\"application\/ld+json\" class=\"yoast-schema-graph\">{\"@context\":\"https:\/\/schema.org\",\"@graph\":[{\"@type\":\"WebPage\",\"@id\":\"https:\/\/libertykite.com\/mentions-legales\/\",\"url\":\"https:\/\/libertykite.com\/mentions-legales\/\",\"name\":\"Informaci\u00f3n jur\u00eddica - LibertyKite\",\"isPartOf\":{\"@id\":\"https:\/\/libertykite.com\/en\/the-liberty-kite\/#website\"},\"datePublished\":\"2023-08-29T02:57:37+00:00\",\"dateModified\":\"2023-10-13T10:57:40+00:00\",\"breadcrumb\":{\"@id\":\"https:\/\/libertykite.com\/mentions-legales\/#breadcrumb\"},\"inLanguage\":\"es\",\"potentialAction\":[{\"@type\":\"ReadAction\",\"target\":[\"https:\/\/libertykite.com\/mentions-legales\/\"]}]},{\"@type\":\"BreadcrumbList\",\"@id\":\"https:\/\/libertykite.com\/mentions-legales\/#breadcrumb\",\"itemListElement\":[{\"@type\":\"ListItem\",\"position\":1,\"name\":\"Accueil\",\"item\":\"https:\/\/libertykite.com\/\"},{\"@type\":\"ListItem\",\"position\":2,\"name\":\"Informaci\u00f3n jur\u00eddica\"}]},{\"@type\":\"WebSite\",\"@id\":\"https:\/\/libertykite.com\/en\/the-liberty-kite\/#website\",\"url\":\"https:\/\/libertykite.com\/en\/the-liberty-kite\/\",\"name\":\"LibertyKite\",\"description\":\"Naviguez librement et en toute s\u00e9curit\u00e9 !\",\"potentialAction\":[{\"@type\":\"SearchAction\",\"target\":{\"@type\":\"EntryPoint\",\"urlTemplate\":\"https:\/\/libertykite.com\/en\/the-liberty-kite\/?s={search_term_string}\"},\"query-input\":{\"@type\":\"PropertyValueSpecification\",\"valueRequired\":true,\"valueName\":\"search_term_string\"}}],\"inLanguage\":\"es\"}]}<\/script>\n<!-- \/ Yoast SEO plugin. -->","yoast_head_json":{"title":"Informaci\u00f3n jur\u00eddica - LibertyKite","robots":{"index":"index","follow":"follow","max-snippet":"max-snippet:-1","max-image-preview":"max-image-preview:large","max-video-preview":"max-video-preview:-1"},"canonical":"https:\/\/libertykite.com\/mentions-legales\/","og_locale":"es_ES","og_type":"article","og_title":"Informaci\u00f3n jur\u00eddica - LibertyKite","og_description":"Informaci\u00f3n jur\u00eddica \u2500\u2500\u2500\u2500\u2500\u2500\u2500\u2500\u2500\u2500\u2500\u2500\u2500\u2500\u2500\u2500\u2500\u2500\u2500\u2500Editor :LibertyKiteSARL Oc\u00e9a1010 avenue de l'Europe33260 La Teste de Buch05 57 15 22 62Yves ParlierRCS : Burdeos R 387 944 408 OrganizaDATACAMPUS, sociedad por acciones simplificada con capital de 100.000 euros35 Rue du Grand Puits - 79230 VOUILLERCS 799 902 051 RCS NIORT Dise\u00f1o y desarrollo :Publicado por : LibertyKite - Marion GAILLARD [&hellip;]","og_url":"https:\/\/libertykite.com\/mentions-legales\/","og_site_name":"LibertyKite","article_modified_time":"2023-10-13T10:57:40+00:00","twitter_card":"summary_large_image","twitter_misc":{"Tiempo de lectura":"2 minutos"},"schema":{"@context":"https:\/\/schema.org","@graph":[{"@type":"WebPage","@id":"https:\/\/libertykite.com\/mentions-legales\/","url":"https:\/\/libertykite.com\/mentions-legales\/","name":"Informaci\u00f3n jur\u00eddica - LibertyKite","isPartOf":{"@id":"https:\/\/libertykite.com\/en\/the-liberty-kite\/#website"},"datePublished":"2023-08-29T02:57:37+00:00","dateModified":"2023-10-13T10:57:40+00:00","breadcrumb":{"@id":"https:\/\/libertykite.com\/mentions-legales\/#breadcrumb"},"inLanguage":"es","potentialAction":[{"@type":"ReadAction","target":["https:\/\/libertykite.com\/mentions-legales\/"]}]},{"@type":"BreadcrumbList","@id":"https:\/\/libertykite.com\/mentions-legales\/#breadcrumb","itemListElement":[{"@type":"ListItem","position":1,"name":"Accueil","item":"https:\/\/libertykite.com\/"},{"@type":"ListItem","position":2,"name":"Informaci\u00f3n jur\u00eddica"}]},{"@type":"WebSite","@id":"https:\/\/libertykite.com\/en\/the-liberty-kite\/#website","url":"https:\/\/libertykite.com\/en\/the-liberty-kite\/","name":"LibertyKite","description":"Naviguez librement et en toute s\u00e9curit\u00e9 !","potentialAction":[{"@type":"SearchAction","target":{"@type":"EntryPoint","urlTemplate":"https:\/\/libertykite.com\/en\/the-liberty-kite\/?s={search_term_string}"},"query-input":{"@type":"PropertyValueSpecification","valueRequired":true,"valueName":"search_term_string"}}],"inLanguage":"es"}]}},"_links":{"self":[{"href":"https:\/\/libertykite.com\/es\/wp-json\/wp\/v2\/pages\/32213","targetHints":{"allow":["GET"]}}],"collection":[{"href":"https:\/\/libertykite.com\/es\/wp-json\/wp\/v2\/pages"}],"about":[{"href":"https:\/\/libertykite.com\/es\/wp-json\/wp\/v2\/types\/page"}],"author":[{"embeddable":true,"href":"https:\/\/libertykite.com\/es\/wp-json\/wp\/v2\/users\/16"}],"replies":[{"embeddable":true,"href":"https:\/\/libertykite.com\/es\/wp-json\/wp\/v2\/comments?post=32213"}],"version-history":[{"count":2,"href":"https:\/\/libertykite.com\/es\/wp-json\/wp\/v2\/pages\/32213\/revisions"}],"predecessor-version":[{"id":32215,"href":"https:\/\/libertykite.com\/es\/wp-json\/wp\/v2\/pages\/32213\/revisions\/32215"}],"wp:attachment":[{"href":"https:\/\/libertykite.com\/es\/wp-json\/wp\/v2\/media?parent=32213"}],"curies":[{"name":"wp","href":"https:\/\/api.w.org\/{rel}","templated":true}]}}