{"id":32132,"date":"2023-08-29T05:36:01","date_gmt":"2023-08-29T03:36:01","guid":{"rendered":"https:\/\/libertykite.com\/rgpd\/"},"modified":"2023-10-12T20:23:35","modified_gmt":"2023-10-12T18:23:35","slug":"rgpd","status":"publish","type":"page","link":"https:\/\/libertykite.com\/es\/rgpd\/","title":{"rendered":"RGPD"},"content":{"rendered":"<p>[et_pb_section fb_built=\u00bb1&#8243; _builder_version=\u00bb4.16&#8243; custom_padding=\u00bb0|0px|54px|0px\u00bb da_disable_devices=\u00bboff|off|off\u00bb global_colors_info=\u00bb{}\u00bb min_height=\u00bb52.2px\u00bb da_is_popup=\u00bboff\u00bb da_exit_intent=\u00bboff\u00bb da_has_close=\u00bbon\u00bb da_alt_close=\u00bboff\u00bb da_dark_close=\u00bboff\u00bb da_not_modal=\u00bbon\u00bb da_is_singular=\u00bboff\u00bb da_with_loader=\u00bboff\u00bb da_has_shadow=\u00bbon\u00bb][et_pb_row _builder_version=\u00bb4.16&#8243; background_size=\u00bbinitial\u00bb background_position=\u00bbtop_left\u00bb background_repeat=\u00bbrepeat\u00bb global_colors_info=\u00bb{}\u00bb][et_pb_column type=\u00bb4_4&#8243; _builder_version=\u00bb4.16&#8243; custom_padding=\u00bb|||\u00bb global_colors_info=\u00bb{}\u00bb custom_padding__hover=\u00bb|||\u00bb][et_pb_text _builder_version=\u00bb4.22.1&#8243; _module_preset=\u00bbdefault\u00bb header_font=\u00bb|||||||#E35F22|\u00bb header_text_align=\u00bbcenter\u00bb header_text_color=\u00bb#000000&#8243; custom_margin=\u00bb|350px||350px|false|true\u00bb custom_margin_tablet=\u00bb|350px||350px|false|true\u00bb custom_margin_phone=\u00bb|10px||10px|false|true\u00bb custom_margin_last_edited=\u00bbon|phone\u00bb custom_padding=\u00bb0px||||false|true\u00bb border_width_bottom=\u00bb2px\u00bb border_color_bottom=\u00bb#E35F22&#8243; locked=\u00bboff\u00bb global_colors_info=\u00bb{}\u00bb]<\/p>\n<h1>Protecci\u00f3n de datos personales<\/h1>\n<p>[\/et_pb_text][\/et_pb_column][\/et_pb_row][\/et_pb_section][et_pb_section fb_built=\u00bb1&#8243; theme_builder_area=\u00bbpost_content\u00bb _builder_version=\u00bb4.22.1&#8243; _module_preset=\u00bbdefault\u00bb da_is_popup=\u00bboff\u00bb da_exit_intent=\u00bboff\u00bb da_has_close=\u00bbon\u00bb da_alt_close=\u00bboff\u00bb da_dark_close=\u00bboff\u00bb da_not_modal=\u00bbon\u00bb da_is_singular=\u00bboff\u00bb da_with_loader=\u00bboff\u00bb da_has_shadow=\u00bbon\u00bb da_disable_devices=\u00bboff|off|off\u00bb][et_pb_row _builder_version=\u00bb4.22.1&#8243; _module_preset=\u00bbdefault\u00bb theme_builder_area=\u00bbpost_content\u00bb][et_pb_column _builder_version=\u00bb4.22.1&#8243; _module_preset=\u00bbdefault\u00bb type=\u00bb4_4&#8243; theme_builder_area=\u00bbpost_content\u00bb][et_pb_text _builder_version=\u00bb4.22.1&#8243; _module_preset=\u00bbdefault\u00bb theme_builder_area=\u00bbpost_content\u00bb hover_enabled=\u00bb0&#8243; sticky_enabled=\u00bb0&#8243;]<\/p>\n<p>Finalidad del tratamiento (finalidad y base jur\u00eddica)<\/p>\n<p>La empresa Oc\u00e9a, con sede en La Teste de Buch, dispone de un sitio web de venta online. Este sitio nos permite recibir pedidos de nuestros clientes y los datos recogidos en esta ocasi\u00f3n quedan registrados y tratados en un fichero. archivo.<\/p>\n<p>Este archivo le permite:<\/p>\n<p>Gestionar pedidos, pago y entrega.<br \/>Realizar operaciones de marketing (fidelizaci\u00f3n, promociones) y enviar publicidad por correo electr\u00f3nico a nuestros clientes que no se han opuesto o que lo han aceptado:<br \/>Sobre productos similares a los que han pedido.<br \/>Sobre otros productos ofrecidos por la empresa.<br \/>Base jur\u00eddica para el tratamiento<br \/>Tramitaci\u00f3n del pedido: la base jur\u00eddica del tratamiento es la ejecuci\u00f3n de un contrato (Cf. art\u00edculo 6.1.b) del Reglamento Europeo de Protecci\u00f3n de Datos).<br \/>Env\u00edo de solicitudes comerciales por correo electr\u00f3nico sobre productos similares a los solicitados por los clientes: la base legal para el procesamiento es el inter\u00e9s leg\u00edtimo de la empresa (Cf. art\u00edculo 6.1.f) del Reglamento Europeo de Protecci\u00f3n de Datos), es decir, promocionar nuestros productos entre nuestros clientes. .<br \/>Env\u00edo de solicitudes comerciales por correo electr\u00f3nico sobre otros productos ofrecidos por Oc\u00e9a: la base legal para el tratamiento es el consentimiento. consentimiento (cf. art\u00edculo 6.1.a) del Reglamento europeo de protecci\u00f3n de datos), tal como exige el art\u00edculo L. 34-5 del C\u00f3digo de Correos y Comunicaciones Electr\u00f3nicas de Francia.<br \/>Tenedur\u00eda de libros que implica la conservaci\u00f3n de los datos durante un per\u00edodo de 10 a\u00f1os: la base legal para el tratamiento es la obligaci\u00f3n legal (Cf. art\u00edculo 6.1.c del Reglamento Europeo de Protecci\u00f3n de Datos).<br \/>Categor\u00edas de datos<br \/>Identidad: cargo, apellidos, nombre, direcci\u00f3n, direcci\u00f3n de entrega, n\u00famero de tel\u00e9fono, direcci\u00f3n de correo electr\u00f3nico, fecha de nacimiento, c\u00f3digo de procesamiento interno que permite la identificaci\u00f3n del cliente, datos relativos a la inscripci\u00f3n en listas de oposici\u00f3n.<br \/>Datos del pedido: n\u00famero de transacci\u00f3n, detalles de la compra, importes de la compra, datos de pago de facturas (pagos, pagos vencidos, descuentos), devoluciones de productos.<br \/>Detalles de pago: n\u00famero de tarjeta de cr\u00e9dito, fecha de vencimiento, criptograma visual (que se elimina inmediatamente).<br \/>Datos requeridos para campa\u00f1as de fidelizaci\u00f3n y prospecci\u00f3n: historial de compras.<br \/>Destinatarios de datos<br \/>Los departamentos de atenci\u00f3n al cliente y de facturaci\u00f3n de Oc\u00e9a son los destinatarios de todas las categor\u00edas de datos.<br \/>Nuestros subcontratistas, que son responsables de entregar nuestros pedidos, reciben la identidad, direcci\u00f3n y n\u00famero de tel\u00e9fono de nuestros clientes.<br \/>Periodo de conservaci\u00f3n de datos<br \/>Datos necesarios para la gesti\u00f3n de pedidos y facturaci\u00f3n: mientras dure la relaci\u00f3n comercial y diez (10) a\u00f1os a efectos contables.<br \/>Datos requeridos para campa\u00f1as de fidelizaci\u00f3n y prospecci\u00f3n: mientras dure la relaci\u00f3n comercial y tres (3) a\u00f1os desde la \u00faltima compra.<br \/>Datos de pago: estos datos no son almacenados por Oc\u00e9a; se recogen en el momento de la transacci\u00f3n y se eliminan inmediatamente una vez liquidada la compra.<br \/>Datos relativos a listas de exclusi\u00f3n: tres (3) a\u00f1os.<br \/>Tus derechos<\/p>\n<p>Si no desea recibir m\u00e1s publicidad de Oc\u00e9a (ejercicio del derecho de oposici\u00f3n o retirada del consentimiento ya otorgado), p\u00f3ngase en contacto con nosotros en libertykite@beyond-the-sea.fr).<\/p>\n<p>Podr\u00e1s acceder, rectificar o suprimir tus datos personales. Tambi\u00e9n tiene derecho a la portabilidad y derecho a limitar el procesamiento de sus datos (consulte cnil.fr para obtener m\u00e1s informaci\u00f3n sobre sus derechos).<\/p>\n<p>Para ejercer estos derechos o si tiene alguna pregunta sobre el procesamiento de sus datos bajo este sistema, comun\u00edquese con nuestro DPO.<\/p>\n<p>P\u00f3ngase en contacto con nuestro DPO electr\u00f3nicamente: libertykite@beyond-the-sea.fr<br \/>P\u00f3ngase en contacto con nuestro DPO por correo postal:<br \/>El delegado de protecci\u00f3n de datos<br \/>Compa\u00f1\u00eda Oc\u00e9a<br \/>1010 Avenue de l&#8217;Europe<br \/>33 260 LA PRUEBA DE BUCH<\/p>\n<p>Si, despu\u00e9s de ponerse en contacto con la empresa Oc\u00e9a, considera que no se han respetado sus derechos de \u00abProtecci\u00f3n de datos\u00bb, puede presentar una reclamaci\u00f3n en l\u00ednea a la CNIL.<\/p>\n<p>[\/et_pb_text][\/et_pb_column][\/et_pb_row][\/et_pb_section]<\/p>\n","protected":false},"excerpt":{"rendered":"<p>Protecci\u00f3n de datos personalesFinalidad del tratamiento (finalidad y base jur\u00eddica) La empresa Oc\u00e9a, con sede en La Teste de Buch, dispone de un sitio web de venta online. Este sitio nos permite recibir pedidos de nuestros clientes y los datos recogidos en esta ocasi\u00f3n quedan registrados y tratados en un fichero. archivo. Este archivo le [&hellip;]<\/p>\n","protected":false},"author":16,"featured_media":0,"parent":0,"menu_order":0,"comment_status":"closed","ping_status":"closed","template":"","meta":{"_et_pb_use_builder":"on","_et_pb_old_content":"","_et_gb_content_width":"","content-type":"","inline_featured_image":false,"_monsterinsights_skip_tracking":false,"_monsterinsights_sitenote_active":false,"_monsterinsights_sitenote_note":"","_monsterinsights_sitenote_category":0,"footnotes":""},"class_list":["post-32132","page","type-page","status-publish","hentry"],"acf":[],"yoast_head":"<!-- This site is optimized with the Yoast SEO plugin v27.1.1 - https:\/\/yoast.com\/product\/yoast-seo-wordpress\/ -->\n<title>RGPD - LibertyKite<\/title>\n<meta name=\"robots\" content=\"index, follow, max-snippet:-1, max-image-preview:large, max-video-preview:-1\" \/>\n<link rel=\"canonical\" href=\"https:\/\/libertykite.com\/en\/rgpd\/\" \/>\n<meta property=\"og:locale\" content=\"es_ES\" \/>\n<meta property=\"og:type\" content=\"article\" \/>\n<meta property=\"og:title\" content=\"RGPD - LibertyKite\" \/>\n<meta property=\"og:description\" content=\"Protecci\u00f3n de datos personalesFinalidad del tratamiento (finalidad y base jur\u00eddica) La empresa Oc\u00e9a, con sede en La Teste de Buch, dispone de un sitio web de venta online. Este sitio nos permite recibir pedidos de nuestros clientes y los datos recogidos en esta ocasi\u00f3n quedan registrados y tratados en un fichero. archivo. Este archivo le [&hellip;]\" \/>\n<meta property=\"og:url\" content=\"https:\/\/libertykite.com\/en\/rgpd\/\" \/>\n<meta property=\"og:site_name\" content=\"LibertyKite\" \/>\n<meta property=\"article:modified_time\" content=\"2023-10-12T18:23:35+00:00\" \/>\n<meta name=\"twitter:card\" content=\"summary_large_image\" \/>\n<meta name=\"twitter:label1\" content=\"Tiempo de lectura\" \/>\n\t<meta name=\"twitter:data1\" content=\"5 minutos\" \/>\n<script type=\"application\/ld+json\" class=\"yoast-schema-graph\">{\"@context\":\"https:\/\/schema.org\",\"@graph\":[{\"@type\":\"WebPage\",\"@id\":\"https:\/\/libertykite.com\/en\/rgpd\/\",\"url\":\"https:\/\/libertykite.com\/en\/rgpd\/\",\"name\":\"RGPD - LibertyKite\",\"isPartOf\":{\"@id\":\"https:\/\/libertykite.com\/en\/the-liberty-kite\/#website\"},\"datePublished\":\"2023-08-29T03:36:01+00:00\",\"dateModified\":\"2023-10-12T18:23:35+00:00\",\"breadcrumb\":{\"@id\":\"https:\/\/libertykite.com\/en\/rgpd\/#breadcrumb\"},\"inLanguage\":\"es\",\"potentialAction\":[{\"@type\":\"ReadAction\",\"target\":[\"https:\/\/libertykite.com\/en\/rgpd\/\"]}]},{\"@type\":\"BreadcrumbList\",\"@id\":\"https:\/\/libertykite.com\/en\/rgpd\/#breadcrumb\",\"itemListElement\":[{\"@type\":\"ListItem\",\"position\":1,\"name\":\"Accueil\",\"item\":\"https:\/\/libertykite.com\/\"},{\"@type\":\"ListItem\",\"position\":2,\"name\":\"RGPD\"}]},{\"@type\":\"WebSite\",\"@id\":\"https:\/\/libertykite.com\/en\/the-liberty-kite\/#website\",\"url\":\"https:\/\/libertykite.com\/en\/the-liberty-kite\/\",\"name\":\"LibertyKite\",\"description\":\"Naviguez librement et en toute s\u00e9curit\u00e9 !\",\"potentialAction\":[{\"@type\":\"SearchAction\",\"target\":{\"@type\":\"EntryPoint\",\"urlTemplate\":\"https:\/\/libertykite.com\/en\/the-liberty-kite\/?s={search_term_string}\"},\"query-input\":{\"@type\":\"PropertyValueSpecification\",\"valueRequired\":true,\"valueName\":\"search_term_string\"}}],\"inLanguage\":\"es\"}]}<\/script>\n<!-- \/ Yoast SEO plugin. -->","yoast_head_json":{"title":"RGPD - LibertyKite","robots":{"index":"index","follow":"follow","max-snippet":"max-snippet:-1","max-image-preview":"max-image-preview:large","max-video-preview":"max-video-preview:-1"},"canonical":"https:\/\/libertykite.com\/en\/rgpd\/","og_locale":"es_ES","og_type":"article","og_title":"RGPD - LibertyKite","og_description":"Protecci\u00f3n de datos personalesFinalidad del tratamiento (finalidad y base jur\u00eddica) La empresa Oc\u00e9a, con sede en La Teste de Buch, dispone de un sitio web de venta online. Este sitio nos permite recibir pedidos de nuestros clientes y los datos recogidos en esta ocasi\u00f3n quedan registrados y tratados en un fichero. archivo. Este archivo le [&hellip;]","og_url":"https:\/\/libertykite.com\/en\/rgpd\/","og_site_name":"LibertyKite","article_modified_time":"2023-10-12T18:23:35+00:00","twitter_card":"summary_large_image","twitter_misc":{"Tiempo de lectura":"5 minutos"},"schema":{"@context":"https:\/\/schema.org","@graph":[{"@type":"WebPage","@id":"https:\/\/libertykite.com\/en\/rgpd\/","url":"https:\/\/libertykite.com\/en\/rgpd\/","name":"RGPD - LibertyKite","isPartOf":{"@id":"https:\/\/libertykite.com\/en\/the-liberty-kite\/#website"},"datePublished":"2023-08-29T03:36:01+00:00","dateModified":"2023-10-12T18:23:35+00:00","breadcrumb":{"@id":"https:\/\/libertykite.com\/en\/rgpd\/#breadcrumb"},"inLanguage":"es","potentialAction":[{"@type":"ReadAction","target":["https:\/\/libertykite.com\/en\/rgpd\/"]}]},{"@type":"BreadcrumbList","@id":"https:\/\/libertykite.com\/en\/rgpd\/#breadcrumb","itemListElement":[{"@type":"ListItem","position":1,"name":"Accueil","item":"https:\/\/libertykite.com\/"},{"@type":"ListItem","position":2,"name":"RGPD"}]},{"@type":"WebSite","@id":"https:\/\/libertykite.com\/en\/the-liberty-kite\/#website","url":"https:\/\/libertykite.com\/en\/the-liberty-kite\/","name":"LibertyKite","description":"Naviguez librement et en toute s\u00e9curit\u00e9 !","potentialAction":[{"@type":"SearchAction","target":{"@type":"EntryPoint","urlTemplate":"https:\/\/libertykite.com\/en\/the-liberty-kite\/?s={search_term_string}"},"query-input":{"@type":"PropertyValueSpecification","valueRequired":true,"valueName":"search_term_string"}}],"inLanguage":"es"}]}},"_links":{"self":[{"href":"https:\/\/libertykite.com\/es\/wp-json\/wp\/v2\/pages\/32132","targetHints":{"allow":["GET"]}}],"collection":[{"href":"https:\/\/libertykite.com\/es\/wp-json\/wp\/v2\/pages"}],"about":[{"href":"https:\/\/libertykite.com\/es\/wp-json\/wp\/v2\/types\/page"}],"author":[{"embeddable":true,"href":"https:\/\/libertykite.com\/es\/wp-json\/wp\/v2\/users\/16"}],"replies":[{"embeddable":true,"href":"https:\/\/libertykite.com\/es\/wp-json\/wp\/v2\/comments?post=32132"}],"version-history":[{"count":2,"href":"https:\/\/libertykite.com\/es\/wp-json\/wp\/v2\/pages\/32132\/revisions"}],"predecessor-version":[{"id":32134,"href":"https:\/\/libertykite.com\/es\/wp-json\/wp\/v2\/pages\/32132\/revisions\/32134"}],"wp:attachment":[{"href":"https:\/\/libertykite.com\/es\/wp-json\/wp\/v2\/media?parent=32132"}],"curies":[{"name":"wp","href":"https:\/\/api.w.org\/{rel}","templated":true}]}}