{"id":32129,"date":"2023-08-29T05:06:06","date_gmt":"2023-08-29T03:06:06","guid":{"rendered":"https:\/\/libertykite.com\/privacy-policy\/"},"modified":"2025-07-18T11:48:15","modified_gmt":"2025-07-18T09:48:15","slug":"privacy-policy","status":"publish","type":"page","link":"https:\/\/libertykite.com\/es\/privacy-policy\/","title":{"rendered":"Privacy policy"},"content":{"rendered":"<p>[et_pb_section fb_built=\u00bb1&#8243; admin_label=\u00bbsection\u00bb _builder_version=\u00bb4.16&#8243; da_disable_devices=\u00bboff|off|off\u00bb global_colors_info=\u00bb{}\u00bb da_is_popup=\u00bboff\u00bb da_exit_intent=\u00bboff\u00bb da_has_close=\u00bbon\u00bb da_alt_close=\u00bboff\u00bb da_dark_close=\u00bboff\u00bb da_not_modal=\u00bbon\u00bb da_is_singular=\u00bboff\u00bb da_with_loader=\u00bboff\u00bb da_has_shadow=\u00bbon\u00bb][et_pb_row admin_label=\u00bbrow\u00bb _builder_version=\u00bb4.16&#8243; background_size=\u00bbinitial\u00bb background_position=\u00bbtop_left\u00bb background_repeat=\u00bbrepeat\u00bb global_colors_info=\u00bb{}\u00bb][et_pb_column type=\u00bb4_4&#8243; _builder_version=\u00bb4.16&#8243; custom_padding=\u00bb|||\u00bb global_colors_info=\u00bb{}\u00bb custom_padding__hover=\u00bb|||\u00bb][et_pb_text _builder_version=\u00bb4.22.1&#8243; _module_preset=\u00bbdefault\u00bb header_font=\u00bb|||||||#E35F22|\u00bb header_text_align=\u00bbcenter\u00bb header_text_color=\u00bb#000000&#8243; width=\u00bb46%\u00bb custom_margin=\u00bb|390px||390px|false|true\u00bb custom_margin_tablet=\u00bb|350px||350px|false|true\u00bb custom_margin_phone=\u00bb|10px||10px|false|true\u00bb custom_margin_last_edited=\u00bbon|phone\u00bb custom_padding=\u00bb0px|1px||1px|false|true\u00bb border_width_bottom=\u00bb2px\u00bb border_color_bottom=\u00bb#E35F22&#8243; locked=\u00bboff\u00bb global_colors_info=\u00bb{}\u00bb]<\/p>\n<h1 style=\"text-align: center;\"><span style=\"color: #ff6600;\">POL\u00cdTICA DE PRIVACIDAD DEL SITIO<\/span><\/h1>\n<h5 style=\"text-align: center;\"><span style=\"color: #000000;\">libertykite.com<\/span><\/h5>\n<p>[\/et_pb_text][et_pb_text admin_label=\u00bbText\u00bb _builder_version=\u00bb4.27.2&#8243; header_3_text_color=\u00bb#E35F22&#8243; background_size=\u00bbinitial\u00bb background_position=\u00bbtop_left\u00bb background_repeat=\u00bbrepeat\u00bb hover_enabled=\u00bb0&#8243; global_colors_info=\u00bb{}\u00bb sticky_enabled=\u00bb0&#8243;]<\/p>\n<h2>POL\u00cdTICA DE PRIVACIDAD DEL SITIO<\/h2>\n<p><strong>libertykite.com<\/strong><\/p>\n<h3>ART\u00cdCULO 1: PRE\u00c1MBULO<\/h3>\n<p>La presente pol\u00edtica de privacidad se aplica al sitio:<span>\u00a0<\/span><strong>libertykite.com<\/strong>.<br \/>Tiene como objetivo informar a los usuarios del sitio sobre:<\/p>\n<ul>\n<li>La forma en que se recopilan y tratan sus datos personales.<br \/>Se consideran datos personales aquellos que pueden identificar a un usuario, como el nombre, apellidos, edad, direcci\u00f3n postal, correo electr\u00f3nico, ubicaci\u00f3n o direcci\u00f3n IP;<\/li>\n<li>Los derechos de los usuarios respecto a estos datos;<\/li>\n<li>El responsable del tratamiento de los datos personales recopilados y tratados;<\/li>\n<li>A qui\u00e9n se transmiten estos datos.<\/li>\n<\/ul>\n<p>Esta pol\u00edtica de privacidad complementa los avisos legales y las Condiciones Generales de Uso disponibles en:<br \/><span>https:\/\/libertykite.com\/cgv\/<\/span><\/p>\n<hr \/>\n<h3>ART\u00cdCULO 2: PRINCIPIOS GENERALES EN MATERIA DE RECOGIDA Y TRATAMIENTO DE DATOS<\/h3>\n<p>De conformidad con el art\u00edculo 5 del Reglamento Europeo 2016\/679 (RGPD), la recogida y el tratamiento de los datos de los usuarios del sitio se rigen por los siguientes principios:<\/p>\n<ul>\n<li><strong>Licitud, lealtad y transparencia<\/strong>: los datos solo pueden recopilarse y tratarse con el consentimiento del titular. Siempre se informar\u00e1 al usuario sobre la recogida de datos y su finalidad;<\/li>\n<li><strong>Finalidad limitada<\/strong>: los datos se recogen y tratan con fines espec\u00edficos definidos en estas condiciones;<\/li>\n<li><strong>Minimizaci\u00f3n de datos<\/strong>: solo se recogen los datos estrictamente necesarios para los fines perseguidos;<\/li>\n<li><strong>Limitaci\u00f3n del plazo de conservaci\u00f3n<\/strong>: los datos se conservan durante un periodo limitado, del cual se informa al usuario. Si no es posible indicar un plazo, se comunican los criterios utilizados para determinarlo;<\/li>\n<li><strong>Integridad y confidencialidad<\/strong>: el responsable del tratamiento garantiza la seguridad e integridad de los datos.<\/li>\n<\/ul>\n<p>Seg\u00fan el art\u00edculo 6 del RGPD, el tratamiento solo es l\u00edcito si se cumple al menos una de las siguientes condiciones:<\/p>\n<ul>\n<li>El usuario ha dado su consentimiento expl\u00edcito;<\/li>\n<li>El tratamiento es necesario para la ejecuci\u00f3n de un contrato;<\/li>\n<li>El tratamiento es obligatorio por ley;<\/li>\n<li>El tratamiento es necesario para proteger intereses vitales del interesado o de otra persona f\u00edsica;<\/li>\n<li>El tratamiento es necesario para el cumplimiento de una misi\u00f3n de inter\u00e9s p\u00fablico o en el ejercicio de poderes p\u00fablicos;<\/li>\n<li>El tratamiento es necesario para fines de intereses leg\u00edtimos del responsable o de un tercero.<\/li>\n<\/ul>\n<hr \/>\n<h3>ART\u00cdCULO 3: DATOS PERSONALES RECOGIDOS Y TRATADOS DURANTE LA NAVEGACI\u00d3N EN EL SITIO<\/h3>\n<h4>A. DATOS RECOGIDOS Y M\u00c9TODO DE RECOGIDA<\/h4>\n<p>Los datos personales recogidos en el sitio libertykite.com son:<\/p>\n<ul>\n<li>Nombre y apellidos<\/li>\n<li>Direcci\u00f3n postal<\/li>\n<li>Correo electr\u00f3nico<\/li>\n<li>N\u00famero de tel\u00e9fono<\/li>\n<li>Caracter\u00edsticas del barco y de la navegaci\u00f3n<\/li>\n<\/ul>\n<p>Los datos se tratan en el CRM<span>\u00a0<\/span><strong>Zoho<\/strong>, compatible con el RGPD, y se alojan en la Uni\u00f3n Europea.<\/p>\n<p>Las transacciones bancarias se gestionan a trav\u00e9s de<span>\u00a0<\/span><strong>Cr\u00e9dit Agricole Up 2 Pay<\/strong>, compatible con el RGPD, mediante el sitio:<span>\u00a0<\/span><strong>tpeweb.e-transactions.fr<\/strong><\/p>\n<p>Estos datos se recogen cuando el usuario realiza una de las siguientes acciones:<\/p>\n<ul>\n<li>Compra de un producto en el sitio<\/li>\n<li>Suscripci\u00f3n al bolet\u00edn informativo<\/li>\n<li>Solicitud de informaci\u00f3n o presupuesto<\/li>\n<li>Registro de un producto<\/li>\n<\/ul>\n<p>Adem\u00e1s, en caso de pago, se conservar\u00e1 una prueba de la transacci\u00f3n (pedido y factura) en los sistemas inform\u00e1ticos del editor del sitio.<\/p>\n<p>El responsable del tratamiento conservar\u00e1 todos los datos recogidos durante<span>\u00a0<\/span><strong>2 a\u00f1os<\/strong><span>\u00a0<\/span>en condiciones razonables de seguridad.<\/p>\n<p>Los datos se recogen con las siguientes finalidades:<\/p>\n<ul>\n<li>Gesti\u00f3n de pedidos de LibertyKite, env\u00edo de boletines, registro de productos, solicitudes de presupuesto.<\/li>\n<\/ul>\n<h4>B. TRANSMISI\u00d3N DE DATOS A TERCEROS<\/h4>\n<p>Los datos personales recogidos no se transmiten a terceros y solo son tratados por el editor del sitio.<\/p>\n<h4>C. ALOJAMIENTO DE LOS DATOS<\/h4>\n<p>El sitio libertykite.com est\u00e1 alojado por<span>\u00a0<\/span><strong>DATACAMPUS<\/strong>, sociedad por acciones simplificada con un capital de 100.000 euros:<\/p>\n<p><strong>35 Rue du Grand Puits \u2013 79230 VOUILL\u00c9 \u2013 RCS 799 902 051 RCS NIORT<\/strong><\/p>\n<h3>ART\u00cdCULO 4: RESPONSABLE DEL TRATAMIENTO DE LOS DATOS Y DELEGADO DE PROTECCI\u00d3N DE DATOS<\/h3>\n<h4>A. RESPONSABLE DEL TRATAMIENTO DE LOS DATOS<\/h4>\n<p>El responsable del tratamiento de los datos personales es la empresa<span>\u00a0<\/span><strong>Beyond The Sea<\/strong>, Sociedad por Acciones Simplificada, con domicilio en:<br \/><strong>1010 AVENUE DE L\u2019EUROPE, P\u00c9PINI\u00c8RES DE LA COBAS, 33260 LA TESTE-DE-BUCH, Francia<\/strong><br \/>SIREN:<span>\u00a0<\/span><strong>803617166<\/strong><\/p>\n<p>El responsable del tratamiento determina los fines y los medios del tratamiento de los datos personales.<\/p>\n<h4>B. OBLIGACIONES DEL RESPONSABLE DEL TRATAMIENTO<\/h4>\n<p>El responsable del tratamiento se compromete a proteger los datos personales recogidos, a no transmitirlos a terceros sin informar previamente al usuario, y a respetar las finalidades para las cuales fueron recogidos.<\/p>\n<p>Asimismo, se compromete a notificar al usuario en caso de rectificaci\u00f3n o supresi\u00f3n de los datos, salvo que ello implique tr\u00e1mites, costes o gestiones desproporcionadas.<\/p>\n<p>En caso de que la integridad, confidencialidad o seguridad de los datos personales del usuario se vea comprometida, el responsable del tratamiento se compromete a informar al usuario por cualquier medio.<\/p>\n<h4>C. DELEGADO DE PROTECCI\u00d3N DE DATOS<\/h4>\n<p>El usuario es informado de que la siguiente persona ha sido designada como Delegado de Protecci\u00f3n de Datos y declarada ante la CNIL:<span>\u00a0<\/span><strong>Sr. Olivier TERLEZ<\/strong>.<\/p>\n<p>El Delegado de Protecci\u00f3n de Datos tiene como funci\u00f3n garantizar la correcta aplicaci\u00f3n de las disposiciones nacionales y europeas relativas a la recogida y tratamiento de datos personales.<\/p>\n<p>Puede contactarse con el delegado por correo electr\u00f3nico a la siguiente direcci\u00f3n:<span>\u00a0<\/span><strong><a class=\"fui-Link ___w5et180 f2hkw1w f3rmtva f1ewtqcl fyind8e f1k6fduh f1w7gpdv f1mo0ibp fjoy568 ff5ikls f1s184ao f1mk8lai fnbmjn9 f1o700av f13mvf36 f1cmlufx f9n3di6 f1ids18y f1tx3yz7 f1deo86v f1eh06m1 f1iescvh fhgqx19 f1olyrje f1p93eir f1nev41a\" href=\"mailto:dpo@beyond-the-sea.fr\" target=\"_blank\" data-tabster=\"{&quot;restorer&quot;:{&quot;type&quot;:1}}\" rel=\"noopener\" tabindex=\"0\">dpo@beyond-the-sea.fr<\/a><\/strong><\/p>\n<hr \/>\n<h3>ART\u00cdCULO 5: DERECHOS DEL USUARIO<\/h3>\n<p>De conformidad con la normativa sobre protecci\u00f3n de datos personales, el usuario dispone de los siguientes derechos:<\/p>\n<p>Para ejercer estos derechos, el usuario debe comunicar su<span>\u00a0<\/span><strong>nombre, apellidos y direcci\u00f3n de correo electr\u00f3nico<\/strong><span>\u00a0<\/span>al responsable del tratamiento.<\/p>\n<p>El responsable est\u00e1 obligado a responder en un plazo m\u00e1ximo de<span>\u00a0<\/span><strong>30 (treinta) d\u00edas<\/strong>.<\/p>\n<h4>A. DESCRIPCI\u00d3N DE LOS DERECHOS DEL USUARIO<\/h4>\n<p><strong>a. Derecho de acceso, rectificaci\u00f3n y supresi\u00f3n<\/strong><br \/>El usuario puede consultar, actualizar, modificar o solicitar la eliminaci\u00f3n de sus datos personales siguiendo este procedimiento:<\/p>\n<p>Enviar un correo electr\u00f3nico al responsable del tratamiento, indicando el motivo de la solicitud y utilizando la direcci\u00f3n de contacto mencionada anteriormente.<\/p>\n<p><strong>b. Derecho a la portabilidad de los datos<\/strong><br \/>El usuario puede solicitar la portabilidad de sus datos personales a otro sitio, siguiendo este procedimiento:<\/p>\n<p>Enviar una solicitud de portabilidad al responsable del tratamiento, por correo electr\u00f3nico a la direcci\u00f3n indicada anteriormente.<\/p>\n<p><strong>c. Derecho a la limitaci\u00f3n y oposici\u00f3n al tratamiento<\/strong><br \/>El usuario puede solicitar la limitaci\u00f3n del tratamiento o oponerse al mismo, salvo que el sitio pueda demostrar motivos leg\u00edtimos y apremiantes que prevalezcan sobre los derechos y libertades del usuario.<\/p>\n<p>Para ello, debe enviar una solicitud al responsable del tratamiento, por correo electr\u00f3nico a la direcci\u00f3n indicada anteriormente.<\/p>\n<p><strong>d. Derecho a no ser objeto de una decisi\u00f3n basada exclusivamente en un tratamiento automatizado<\/strong><br \/>De acuerdo con el Reglamento 2016\/679, el usuario tiene derecho a no ser objeto de una decisi\u00f3n basada \u00fanicamente en un tratamiento automatizado si esta produce efectos jur\u00eddicos o le afecta significativamente de forma similar.<\/p>\n<p><strong>e. Derecho a decidir sobre el destino de los datos tras la muerte<\/strong><br \/>El usuario puede definir el destino de sus datos personales en caso de fallecimiento, conforme a la Ley n.\u00ba 2016-1321 de 7 de octubre de 2016.<\/p>\n<p><strong>f. Derecho a presentar una reclamaci\u00f3n ante la autoridad de control<\/strong><br \/>Si el responsable del tratamiento no responde a la solicitud del usuario, o si este considera que se ha vulnerado alguno de sus derechos, puede presentar una reclamaci\u00f3n ante la<span>\u00a0<\/span><strong>CNIL<\/strong><span>\u00a0<\/span>(Commission Nationale de l\u2019Informatique et des Libert\u00e9s,<span>\u00a0<\/span><span>https:\/\/www.cnil.fr<\/span>) o ante cualquier juez competente.<\/p>\n<h4>B. DATOS PERSONALES DE MENORES DE EDAD<\/h4>\n<p>Seg\u00fan el art\u00edculo 8 del Reglamento Europeo 2016\/679 y la Ley de Protecci\u00f3n de Datos francesa, solo los menores de<span>\u00a0<\/span><strong>15 a\u00f1os o m\u00e1s<\/strong><span>\u00a0<\/span>pueden consentir el tratamiento de sus datos personales.<\/p>\n<p>Si el usuario es menor de 15 a\u00f1os, ser\u00e1 necesario el consentimiento de un representante legal para que sus datos puedan ser recogidos y tratados.<\/p>\n<p>El editor del sitio se reserva el derecho de verificar por cualquier medio que el usuario tiene m\u00e1s de 15 a\u00f1os o que ha obtenido el consentimiento de su representante legal antes de navegar por el sitio.<\/p>\n<h3>ART\u00cdCULO 6: CONDICIONES DE MODIFICACI\u00d3N DE LA POL\u00cdTICA DE PRIVACIDAD<\/h3>\n<p>La presente pol\u00edtica de privacidad puede consultarse en cualquier momento en la siguiente direcci\u00f3n:<br \/><span>https:\/\/libertykite.com\/politique-de-confidentialite<\/span><\/p>\n<p>El editor del sitio se reserva el derecho de modificarla para garantizar su conformidad con la legislaci\u00f3n vigente.<\/p>\n<p>Por lo tanto, se invita al usuario a consultar regularmente esta pol\u00edtica de privacidad para mantenerse informado sobre las \u00faltimas actualizaciones.<\/p>\n<p>Se informa al usuario que la \u00faltima actualizaci\u00f3n de esta pol\u00edtica de privacidad tuvo lugar el:<span>\u00a0<\/span><strong>07\/01\/2025<\/strong>.<\/p>\n<hr \/>\n<h3>ART\u00cdCULO 7: ACEPTACI\u00d3N POR PARTE DEL USUARIO DE LA POL\u00cdTICA DE PRIVACIDAD<\/h3>\n<p>Al navegar por el sitio, el usuario declara haber le\u00eddo, comprendido y aceptado la presente pol\u00edtica de privacidad, especialmente en lo que respecta a la recogida y tratamiento de sus datos personales.<\/p>\n<p>[\/et_pb_text][\/et_pb_column][\/et_pb_row][\/et_pb_section]<\/p>\n","protected":false},"excerpt":{"rendered":"<p>POL\u00cdTICA DE PRIVACIDAD DEL SITIO libertykite.comPOL\u00cdTICA DE PRIVACIDAD DEL SITIO libertykite.com ART\u00cdCULO 1: PRE\u00c1MBULO La presente pol\u00edtica de privacidad se aplica al sitio:\u00a0libertykite.com.Tiene como objetivo informar a los usuarios del sitio sobre: La forma en que se recopilan y tratan sus datos personales.Se consideran datos personales aquellos que pueden identificar a un usuario, como el [&hellip;]<\/p>\n","protected":false},"author":16,"featured_media":0,"parent":0,"menu_order":0,"comment_status":"closed","ping_status":"closed","template":"","meta":{"_et_pb_use_builder":"on","_et_pb_old_content":"","_et_gb_content_width":"","content-type":"","inline_featured_image":false,"_monsterinsights_skip_tracking":false,"_monsterinsights_sitenote_active":false,"_monsterinsights_sitenote_note":"","_monsterinsights_sitenote_category":0,"footnotes":""},"class_list":["post-32129","page","type-page","status-publish","hentry"],"acf":[],"yoast_head":"<!-- This site is optimized with the Yoast SEO plugin v27.1.1 - https:\/\/yoast.com\/product\/yoast-seo-wordpress\/ -->\n<title>Privacy policy - LibertyKite<\/title>\n<meta name=\"robots\" content=\"index, follow, max-snippet:-1, max-image-preview:large, max-video-preview:-1\" \/>\n<link rel=\"canonical\" href=\"https:\/\/libertykite.com\/politique-de-confidentialite-2\/\" \/>\n<meta property=\"og:locale\" content=\"es_ES\" \/>\n<meta property=\"og:type\" content=\"article\" \/>\n<meta property=\"og:title\" content=\"Privacy policy - LibertyKite\" \/>\n<meta property=\"og:description\" content=\"POL\u00cdTICA DE PRIVACIDAD DEL SITIO libertykite.comPOL\u00cdTICA DE PRIVACIDAD DEL SITIO libertykite.com ART\u00cdCULO 1: PRE\u00c1MBULO La presente pol\u00edtica de privacidad se aplica al sitio:\u00a0libertykite.com.Tiene como objetivo informar a los usuarios del sitio sobre: La forma en que se recopilan y tratan sus datos personales.Se consideran datos personales aquellos que pueden identificar a un usuario, como el [&hellip;]\" \/>\n<meta property=\"og:url\" content=\"https:\/\/libertykite.com\/politique-de-confidentialite-2\/\" \/>\n<meta property=\"og:site_name\" content=\"LibertyKite\" \/>\n<meta property=\"article:modified_time\" content=\"2025-07-18T09:48:15+00:00\" \/>\n<meta name=\"twitter:card\" content=\"summary_large_image\" \/>\n<meta name=\"twitter:label1\" content=\"Tiempo de lectura\" \/>\n\t<meta name=\"twitter:data1\" content=\"9 minutos\" \/>\n<script type=\"application\/ld+json\" class=\"yoast-schema-graph\">{\"@context\":\"https:\/\/schema.org\",\"@graph\":[{\"@type\":\"WebPage\",\"@id\":\"https:\/\/libertykite.com\/politique-de-confidentialite-2\/\",\"url\":\"https:\/\/libertykite.com\/politique-de-confidentialite-2\/\",\"name\":\"Privacy policy - LibertyKite\",\"isPartOf\":{\"@id\":\"https:\/\/libertykite.com\/en\/the-liberty-kite\/#website\"},\"datePublished\":\"2023-08-29T03:06:06+00:00\",\"dateModified\":\"2025-07-18T09:48:15+00:00\",\"breadcrumb\":{\"@id\":\"https:\/\/libertykite.com\/politique-de-confidentialite-2\/#breadcrumb\"},\"inLanguage\":\"es\",\"potentialAction\":[{\"@type\":\"ReadAction\",\"target\":[\"https:\/\/libertykite.com\/politique-de-confidentialite-2\/\"]}]},{\"@type\":\"BreadcrumbList\",\"@id\":\"https:\/\/libertykite.com\/politique-de-confidentialite-2\/#breadcrumb\",\"itemListElement\":[{\"@type\":\"ListItem\",\"position\":1,\"name\":\"Accueil\",\"item\":\"https:\/\/libertykite.com\/\"},{\"@type\":\"ListItem\",\"position\":2,\"name\":\"Privacy policy\"}]},{\"@type\":\"WebSite\",\"@id\":\"https:\/\/libertykite.com\/en\/the-liberty-kite\/#website\",\"url\":\"https:\/\/libertykite.com\/en\/the-liberty-kite\/\",\"name\":\"LibertyKite\",\"description\":\"Naviguez librement et en toute s\u00e9curit\u00e9 !\",\"potentialAction\":[{\"@type\":\"SearchAction\",\"target\":{\"@type\":\"EntryPoint\",\"urlTemplate\":\"https:\/\/libertykite.com\/en\/the-liberty-kite\/?s={search_term_string}\"},\"query-input\":{\"@type\":\"PropertyValueSpecification\",\"valueRequired\":true,\"valueName\":\"search_term_string\"}}],\"inLanguage\":\"es\"}]}<\/script>\n<!-- \/ Yoast SEO plugin. -->","yoast_head_json":{"title":"Privacy policy - LibertyKite","robots":{"index":"index","follow":"follow","max-snippet":"max-snippet:-1","max-image-preview":"max-image-preview:large","max-video-preview":"max-video-preview:-1"},"canonical":"https:\/\/libertykite.com\/politique-de-confidentialite-2\/","og_locale":"es_ES","og_type":"article","og_title":"Privacy policy - LibertyKite","og_description":"POL\u00cdTICA DE PRIVACIDAD DEL SITIO libertykite.comPOL\u00cdTICA DE PRIVACIDAD DEL SITIO libertykite.com ART\u00cdCULO 1: PRE\u00c1MBULO La presente pol\u00edtica de privacidad se aplica al sitio:\u00a0libertykite.com.Tiene como objetivo informar a los usuarios del sitio sobre: La forma en que se recopilan y tratan sus datos personales.Se consideran datos personales aquellos que pueden identificar a un usuario, como el [&hellip;]","og_url":"https:\/\/libertykite.com\/politique-de-confidentialite-2\/","og_site_name":"LibertyKite","article_modified_time":"2025-07-18T09:48:15+00:00","twitter_card":"summary_large_image","twitter_misc":{"Tiempo de lectura":"9 minutos"},"schema":{"@context":"https:\/\/schema.org","@graph":[{"@type":"WebPage","@id":"https:\/\/libertykite.com\/politique-de-confidentialite-2\/","url":"https:\/\/libertykite.com\/politique-de-confidentialite-2\/","name":"Privacy policy - LibertyKite","isPartOf":{"@id":"https:\/\/libertykite.com\/en\/the-liberty-kite\/#website"},"datePublished":"2023-08-29T03:06:06+00:00","dateModified":"2025-07-18T09:48:15+00:00","breadcrumb":{"@id":"https:\/\/libertykite.com\/politique-de-confidentialite-2\/#breadcrumb"},"inLanguage":"es","potentialAction":[{"@type":"ReadAction","target":["https:\/\/libertykite.com\/politique-de-confidentialite-2\/"]}]},{"@type":"BreadcrumbList","@id":"https:\/\/libertykite.com\/politique-de-confidentialite-2\/#breadcrumb","itemListElement":[{"@type":"ListItem","position":1,"name":"Accueil","item":"https:\/\/libertykite.com\/"},{"@type":"ListItem","position":2,"name":"Privacy policy"}]},{"@type":"WebSite","@id":"https:\/\/libertykite.com\/en\/the-liberty-kite\/#website","url":"https:\/\/libertykite.com\/en\/the-liberty-kite\/","name":"LibertyKite","description":"Naviguez librement et en toute s\u00e9curit\u00e9 !","potentialAction":[{"@type":"SearchAction","target":{"@type":"EntryPoint","urlTemplate":"https:\/\/libertykite.com\/en\/the-liberty-kite\/?s={search_term_string}"},"query-input":{"@type":"PropertyValueSpecification","valueRequired":true,"valueName":"search_term_string"}}],"inLanguage":"es"}]}},"_links":{"self":[{"href":"https:\/\/libertykite.com\/es\/wp-json\/wp\/v2\/pages\/32129","targetHints":{"allow":["GET"]}}],"collection":[{"href":"https:\/\/libertykite.com\/es\/wp-json\/wp\/v2\/pages"}],"about":[{"href":"https:\/\/libertykite.com\/es\/wp-json\/wp\/v2\/types\/page"}],"author":[{"embeddable":true,"href":"https:\/\/libertykite.com\/es\/wp-json\/wp\/v2\/users\/16"}],"replies":[{"embeddable":true,"href":"https:\/\/libertykite.com\/es\/wp-json\/wp\/v2\/comments?post=32129"}],"version-history":[{"count":3,"href":"https:\/\/libertykite.com\/es\/wp-json\/wp\/v2\/pages\/32129\/revisions"}],"predecessor-version":[{"id":36243,"href":"https:\/\/libertykite.com\/es\/wp-json\/wp\/v2\/pages\/32129\/revisions\/36243"}],"wp:attachment":[{"href":"https:\/\/libertykite.com\/es\/wp-json\/wp\/v2\/media?parent=32129"}],"curies":[{"name":"wp","href":"https:\/\/api.w.org\/{rel}","templated":true}]}}