{"id":32125,"date":"2023-08-29T05:02:40","date_gmt":"2023-08-29T03:02:40","guid":{"rendered":"https:\/\/libertykite.com\/terminos-generales-y-condiciones\/"},"modified":"2024-02-01T08:07:54","modified_gmt":"2024-02-01T07:07:54","slug":"terminos-generales-y-condiciones","status":"publish","type":"page","link":"https:\/\/libertykite.com\/es\/terminos-generales-y-condiciones\/","title":{"rendered":"T\u00e9rminos Generales y Condiciones"},"content":{"rendered":"<p>[et_pb_section fb_built=\u00bb1&#8243; _builder_version=\u00bb4.16&#8243; custom_padding=\u00bb0|0px|54px|0px\u00bb da_disable_devices=\u00bboff|off|off\u00bb global_colors_info=\u00bb{}\u00bb da_is_popup=\u00bboff\u00bb da_exit_intent=\u00bboff\u00bb da_has_close=\u00bbon\u00bb da_alt_close=\u00bboff\u00bb da_dark_close=\u00bboff\u00bb da_not_modal=\u00bbon\u00bb da_is_singular=\u00bboff\u00bb da_with_loader=\u00bboff\u00bb da_has_shadow=\u00bbon\u00bb][et_pb_row _builder_version=\u00bb4.16&#8243; background_size=\u00bbinitial\u00bb background_position=\u00bbtop_left\u00bb background_repeat=\u00bbrepeat\u00bb global_colors_info=\u00bb{}\u00bb][et_pb_column type=\u00bb4_4&#8243; _builder_version=\u00bb4.16&#8243; custom_padding=\u00bb|||\u00bb global_colors_info=\u00bb{}\u00bb custom_padding__hover=\u00bb|||\u00bb][et_pb_text _builder_version=\u00bb4.22.1&#8243; _module_preset=\u00bbdefault\u00bb header_font=\u00bb|||||||#E35F22|\u00bb header_text_align=\u00bbcenter\u00bb header_text_color=\u00bb#000000&#8243; custom_margin=\u00bb|350px||350px|false|true\u00bb custom_margin_tablet=\u00bb|350px||350px|false|true\u00bb custom_margin_phone=\u00bb|10px||10px|false|true\u00bb custom_margin_last_edited=\u00bbon|phone\u00bb custom_padding=\u00bb0px||||false|true\u00bb border_width_bottom=\u00bb2px\u00bb border_color_bottom=\u00bb#E35F22&#8243; locked=\u00bboff\u00bb global_colors_info=\u00bb{}\u00bb]<\/p>\n<h1>T\u00e9rminos y condiciones<\/h1>\n<p>[\/et_pb_text][\/et_pb_column][\/et_pb_row][\/et_pb_section][et_pb_section fb_built=\u00bb1&#8243; _builder_version=\u00bb4.16&#8243; custom_padding=\u00bb0|0px|53.9531px|0px|false|false\u00bb da_disable_devices=\u00bboff|off|off\u00bb global_colors_info=\u00bb{}\u00bb da_is_popup=\u00bboff\u00bb da_exit_intent=\u00bboff\u00bb da_has_close=\u00bbon\u00bb da_alt_close=\u00bboff\u00bb da_dark_close=\u00bboff\u00bb da_not_modal=\u00bbon\u00bb da_is_singular=\u00bboff\u00bb da_with_loader=\u00bboff\u00bb da_has_shadow=\u00bbon\u00bb][et_pb_row _builder_version=\u00bb4.16&#8243; background_size=\u00bbinitial\u00bb background_position=\u00bbtop_left\u00bb background_repeat=\u00bbrepeat\u00bb global_colors_info=\u00bb{}\u00bb][et_pb_column type=\u00bb4_4&#8243; _builder_version=\u00bb4.16&#8243; custom_padding=\u00bb|||\u00bb global_colors_info=\u00bb{}\u00bb custom_padding__hover=\u00bb|||\u00bb][et_pb_text _builder_version=\u00bb4.23.4&#8243; ol_text_color=\u00bb#E35F22&#8243; global_colors_info=\u00bb{}\u00bb sticky_enabled=\u00bb0&#8243; background_size=\u00bbinitial\u00bb background_position=\u00bbtop_left\u00bb background_repeat=\u00bbrepeat\u00bb hover_enabled=\u00bb0&#8243;]<\/p>\n<ol>\n<li>INFORMACI\u00d3N LEGAL\n<p><span style=\"color: #000000;\">El sitio \u201clibertykite.com\u201d presenta a la empresa OCEA (en adelante \u201cel Vendedor\u201d):<\/span><\/p>\n<p><span style=\"color: #000000;\">\u00a0<\/span><br \/><span style=\"color: #000000;\">Sociedad de responsabilidad limitada con domicilio social en 5 all\u00e9e Lakm\u00e9 (33120) Arcachon, inscrita en el Registro Mercantil de Burdeos con el n\u00famero B 387 944 408, con un capital social de 57.626,00 euros. N\u00famero de tel\u00e9fono: 05 57 15 22 62; Correo electr\u00f3nico: libertykite@beyond-the-sea.fr<\/span><\/p>\n<p>OBJETO Y ALCANCE DE APLICACI\u00d3N<\/p>\n<p><span style=\"color: #000000;\">2.1 La compra online en el sitio web \u00ablibertykite.com\u00bb de productos y servicios prestados por la empresa OCEA cuyas coordenadas se indican en el art\u00edculo 1 del presente documento est\u00e1 sujeta a las presentes condiciones generales de venta online (en adelante \u00abCGSC\u00bb), as\u00ed como a las Condiciones generales de venta de la empresa OCEA.<\/span><\/p>\n<p><span style=\"color: #000000;\">\u00a0<\/span><br \/><span style=\"color: #000000;\">2.2 Prevalecer\u00e1n sobre cualquier documento del Vendedor (en particular, folletos, anuncios y\/u otros documentos), as\u00ed como sobre las condiciones generales de compra, no siendo estas \u00faltimas oponibles al Vendedor. El Vendedor se reserva el derecho de modificar estos t\u00e9rminos y condiciones en cualquier momento mediante la publicaci\u00f3n de una nueva versi\u00f3n, especificando que los t\u00e9rminos y condiciones aplicables son los vigentes en la fecha de pago del pedido. Cualquier pedido online de un Producto implica autom\u00e1ticamente la aceptaci\u00f3n sin reservas por parte del cliente de las presentes CGV.<\/span><\/p>\n<p>PRODUCTOS Y SERVICIOS<\/p>\n<p><span style=\"color: #000000;\">3.1 Los Productos vendidos por el Vendedor son alas y sistemas de tracci\u00f3n, denominados LibertyKite\u00ae, especialmente dise\u00f1ados para la tracci\u00f3n de embarcaciones de 4 a 18 metros (en adelante el \u201cProducto(s)\u201d).<\/span><\/p>\n<p><span style=\"color: #000000;\">\u00a0<\/span><br \/><span style=\"color: #000000;\">3.2 Las caracter\u00edsticas esenciales de los Productos y servicios ofrecidos por el Vendedor, los precios de los Productos y los costes asociados han sido comunicados al cliente durante todo el proceso de pedido; el cliente reconoce tener pleno conocimiento de los mismos. El cliente reconoce haber recibido toda la informaci\u00f3n necesaria para garantizar que la oferta satisfaga sus necesidades, precisando que siempre ser\u00e1 posible ponerse en contacto con el Vendedor utilizando los datos de contacto establecidos en el art\u00edculo 1 del presente, en caso de que desea obtener m\u00e1s informaci\u00f3n.<\/span><\/p>\n<p><span style=\"color: #000000;\">\u00a0<\/span><br \/><span style=\"color: #000000;\">3.3 Los modelos expuestos, avisos, folletos, cat\u00e1logos, ilustraciones o fotograf\u00edas de los Productos puestos a la venta son s\u00f3lo indicativos y no tienen valor contractual.<\/span><\/p>\n<p><span style=\"color: #000000;\">\u00a0<\/span><br \/><span style=\"color: #000000;\">3.4 El Proveedor comunica al cliente la disponibilidad del producto y los plazos de entrega antes de la confirmaci\u00f3n del pedido. El Vendedor se compromete a cumplir el pedido del cliente dentro de los l\u00edmites de las existencias disponibles de Productos.<\/span><\/p>\n<p><span style=\"color: #000000;\">3.5 En el caso de que, con posterioridad al pedido, el Producto deje de estar disponible total o parcialmente, el Vendedor informar\u00e1 al cliente por correo electr\u00f3nico, quien tendr\u00e1 la posibilidad de:<\/span><\/p>\n<p><span style=\"color: #000000;\">O, si lo acepta, que se le entregue un producto de calidad y precio equivalente al solicitado;<\/span><br \/><span style=\"color: #000000;\">O ser reembolsado por el precio del producto o servicio solicitado<\/span><br \/><span style=\"color: #000000;\">Aceptar el aplazamiento de la fecha de entrega<\/span><br \/>ORDEN EN PROCESO<\/p>\n<p><span style=\"color: #000000;\">4.1 Despu\u00e9s de haber elegido el producto en la tienda del sitio \u201clibertyKite.com\u201d, el cliente selecciona este producto presionando la tecla \u201ca\u00f1adir a la cesta\u201d.<\/span><\/p>\n<p><span style=\"color: #000000;\">\u00a0<\/span><br \/><span style=\"color: #000000;\">4.2 Una vez seleccionados los Productos, la cesta del cliente se muestra en la p\u00e1gina siguiente, resumiendo todas las compras, los precios de los Productos y los cargos asociados. En este punto, el cliente puede actualizar su cesta o proceder al pago. Al proceder a esta validaci\u00f3n, reconoce y acepta el contenido \u00edntegro de su pedido y renuncia al derecho de impugnarlo en un momento posterior.<\/span><\/p>\n<p><span style=\"color: #000000;\">\u00a0<\/span><br \/><span style=\"color: #000000;\">4.3 Una vez validado el pedido, el cliente deber\u00e1 identificarse e introducir toda la informaci\u00f3n necesaria para procesar el pedido, en particular la direcci\u00f3n de entrega de los Productos. Se debe ingresar una direcci\u00f3n de correo electr\u00f3nico para que el Vendedor env\u00ede la confirmaci\u00f3n del pedido.<\/span><\/p>\n<p><span style=\"color: #000000;\">\u00a0<\/span><br \/><span style=\"color: #000000;\">4.4 Durante todo el proceso de pedido, el Cliente podr\u00e1 comprobar y, si es necesario, modificar el contenido del pedido.<\/span><\/p>\n<p><span style=\"color: #000000;\">\u00a0<\/span><br \/><span style=\"color: #000000;\">4.5 Una vez completados los pasos anteriores, y para proceder con el pago, el cliente elige su m\u00e9todo de pago en el sitio. Antes de confirmar su pedido, el cliente reconoce que ha le\u00eddo y acepta sin reservas las condiciones generales de venta online.<\/span><\/p>\n<p><span style=\"color: #000000;\">\u00a0<\/span><br \/><span style=\"color: #000000;\">4.6 Una vez seleccionado el pago, aparece una pantalla que resume el pedido del cliente. A continuaci\u00f3n, el Vendedor enviar\u00e1 al cliente la confirmaci\u00f3n del pedido por correo electr\u00f3nico.<\/span><\/p>\n<p><span style=\"color: #000000;\">\u00a0<\/span><br \/><span style=\"color: #000000;\">4.7 El sistema del Vendedor verifica que la confirmaci\u00f3n del pedido ha sido enviada, pero no que ha sido recibida por el cliente. En consecuencia, si el cliente no recibe esta confirmaci\u00f3n, es responsabilidad del cliente ponerse en contacto con el Vendedor utilizando los datos de contacto establecidos en el art\u00edculo 1 de estos t\u00e9rminos y condiciones para que se pueda reenviar un correo electr\u00f3nico de confirmaci\u00f3n. El Vendedor no se hace responsable en caso de que el cliente no reciba el correo electr\u00f3nico de confirmaci\u00f3n debido a un error en sus datos personales.<\/span><\/p>\n<p>&nbsp;<\/p>\n<p>&nbsp;<\/p>\n<p>&nbsp;<\/p>\n<p>PRECIOS &#8211; FACTURACI\u00d3N &#8211; CONDICIONES DE PAGO<\/p>\n<p><span style=\"color: #000000;\">5.1 Los precios facturados por el Vendedor se expresan en euros, impuestos incluidos, y se basan en el precio<\/span><\/p>\n<\/li>\n<\/ol>\n<p>[\/et_pb_text][\/et_pb_column][\/et_pb_row][\/et_pb_section]<\/p>\n","protected":false},"excerpt":{"rendered":"<p>T\u00e9rminos y condiciones INFORMACI\u00d3N LEGAL El sitio \u201clibertykite.com\u201d presenta a la empresa OCEA (en adelante \u201cel Vendedor\u201d): \u00a0Sociedad de responsabilidad limitada con domicilio social en 5 all\u00e9e Lakm\u00e9 (33120) Arcachon, inscrita en el Registro Mercantil de Burdeos con el n\u00famero B 387 944 408, con un capital social de 57.626,00 euros. N\u00famero de tel\u00e9fono: 05 [&hellip;]<\/p>\n","protected":false},"author":16,"featured_media":0,"parent":0,"menu_order":0,"comment_status":"closed","ping_status":"closed","template":"","meta":{"_et_pb_use_builder":"on","_et_pb_old_content":"","_et_gb_content_width":"","content-type":"","inline_featured_image":false,"_monsterinsights_skip_tracking":false,"_monsterinsights_sitenote_active":false,"_monsterinsights_sitenote_note":"","_monsterinsights_sitenote_category":0,"footnotes":""},"class_list":["post-32125","page","type-page","status-publish","hentry"],"acf":[],"yoast_head":"<!-- This site is optimized with the Yoast SEO plugin v27.1.1 - https:\/\/yoast.com\/product\/yoast-seo-wordpress\/ -->\n<title>T\u00e9rminos Generales y Condiciones - LibertyKite<\/title>\n<meta name=\"robots\" content=\"index, follow, max-snippet:-1, max-image-preview:large, max-video-preview:-1\" \/>\n<link rel=\"canonical\" href=\"https:\/\/libertykite.com\/cgv-2\/\" \/>\n<meta property=\"og:locale\" content=\"es_ES\" \/>\n<meta property=\"og:type\" content=\"article\" \/>\n<meta property=\"og:title\" content=\"T\u00e9rminos Generales y Condiciones - LibertyKite\" \/>\n<meta property=\"og:description\" content=\"T\u00e9rminos y condiciones INFORMACI\u00d3N LEGAL El sitio \u201clibertykite.com\u201d presenta a la empresa OCEA (en adelante \u201cel Vendedor\u201d): \u00a0Sociedad de responsabilidad limitada con domicilio social en 5 all\u00e9e Lakm\u00e9 (33120) Arcachon, inscrita en el Registro Mercantil de Burdeos con el n\u00famero B 387 944 408, con un capital social de 57.626,00 euros. N\u00famero de tel\u00e9fono: 05 [&hellip;]\" \/>\n<meta property=\"og:url\" content=\"https:\/\/libertykite.com\/cgv-2\/\" \/>\n<meta property=\"og:site_name\" content=\"LibertyKite\" \/>\n<meta property=\"article:modified_time\" content=\"2024-02-01T07:07:54+00:00\" \/>\n<meta name=\"twitter:card\" content=\"summary_large_image\" \/>\n<meta name=\"twitter:label1\" content=\"Tiempo de lectura\" \/>\n\t<meta name=\"twitter:data1\" content=\"6 minutos\" \/>\n<script type=\"application\/ld+json\" class=\"yoast-schema-graph\">{\"@context\":\"https:\/\/schema.org\",\"@graph\":[{\"@type\":\"WebPage\",\"@id\":\"https:\/\/libertykite.com\/cgv-2\/\",\"url\":\"https:\/\/libertykite.com\/cgv-2\/\",\"name\":\"T\u00e9rminos Generales y Condiciones - LibertyKite\",\"isPartOf\":{\"@id\":\"https:\/\/libertykite.com\/en\/the-liberty-kite\/#website\"},\"datePublished\":\"2023-08-29T03:02:40+00:00\",\"dateModified\":\"2024-02-01T07:07:54+00:00\",\"breadcrumb\":{\"@id\":\"https:\/\/libertykite.com\/cgv-2\/#breadcrumb\"},\"inLanguage\":\"es\",\"potentialAction\":[{\"@type\":\"ReadAction\",\"target\":[\"https:\/\/libertykite.com\/cgv-2\/\"]}]},{\"@type\":\"BreadcrumbList\",\"@id\":\"https:\/\/libertykite.com\/cgv-2\/#breadcrumb\",\"itemListElement\":[{\"@type\":\"ListItem\",\"position\":1,\"name\":\"Accueil\",\"item\":\"https:\/\/libertykite.com\/\"},{\"@type\":\"ListItem\",\"position\":2,\"name\":\"T\u00e9rminos Generales y Condiciones\"}]},{\"@type\":\"WebSite\",\"@id\":\"https:\/\/libertykite.com\/en\/the-liberty-kite\/#website\",\"url\":\"https:\/\/libertykite.com\/en\/the-liberty-kite\/\",\"name\":\"LibertyKite\",\"description\":\"Naviguez librement et en toute s\u00e9curit\u00e9 !\",\"potentialAction\":[{\"@type\":\"SearchAction\",\"target\":{\"@type\":\"EntryPoint\",\"urlTemplate\":\"https:\/\/libertykite.com\/en\/the-liberty-kite\/?s={search_term_string}\"},\"query-input\":{\"@type\":\"PropertyValueSpecification\",\"valueRequired\":true,\"valueName\":\"search_term_string\"}}],\"inLanguage\":\"es\"}]}<\/script>\n<!-- \/ Yoast SEO plugin. -->","yoast_head_json":{"title":"T\u00e9rminos Generales y Condiciones - LibertyKite","robots":{"index":"index","follow":"follow","max-snippet":"max-snippet:-1","max-image-preview":"max-image-preview:large","max-video-preview":"max-video-preview:-1"},"canonical":"https:\/\/libertykite.com\/cgv-2\/","og_locale":"es_ES","og_type":"article","og_title":"T\u00e9rminos Generales y Condiciones - LibertyKite","og_description":"T\u00e9rminos y condiciones INFORMACI\u00d3N LEGAL El sitio \u201clibertykite.com\u201d presenta a la empresa OCEA (en adelante \u201cel Vendedor\u201d): \u00a0Sociedad de responsabilidad limitada con domicilio social en 5 all\u00e9e Lakm\u00e9 (33120) Arcachon, inscrita en el Registro Mercantil de Burdeos con el n\u00famero B 387 944 408, con un capital social de 57.626,00 euros. N\u00famero de tel\u00e9fono: 05 [&hellip;]","og_url":"https:\/\/libertykite.com\/cgv-2\/","og_site_name":"LibertyKite","article_modified_time":"2024-02-01T07:07:54+00:00","twitter_card":"summary_large_image","twitter_misc":{"Tiempo de lectura":"6 minutos"},"schema":{"@context":"https:\/\/schema.org","@graph":[{"@type":"WebPage","@id":"https:\/\/libertykite.com\/cgv-2\/","url":"https:\/\/libertykite.com\/cgv-2\/","name":"T\u00e9rminos Generales y Condiciones - LibertyKite","isPartOf":{"@id":"https:\/\/libertykite.com\/en\/the-liberty-kite\/#website"},"datePublished":"2023-08-29T03:02:40+00:00","dateModified":"2024-02-01T07:07:54+00:00","breadcrumb":{"@id":"https:\/\/libertykite.com\/cgv-2\/#breadcrumb"},"inLanguage":"es","potentialAction":[{"@type":"ReadAction","target":["https:\/\/libertykite.com\/cgv-2\/"]}]},{"@type":"BreadcrumbList","@id":"https:\/\/libertykite.com\/cgv-2\/#breadcrumb","itemListElement":[{"@type":"ListItem","position":1,"name":"Accueil","item":"https:\/\/libertykite.com\/"},{"@type":"ListItem","position":2,"name":"T\u00e9rminos Generales y Condiciones"}]},{"@type":"WebSite","@id":"https:\/\/libertykite.com\/en\/the-liberty-kite\/#website","url":"https:\/\/libertykite.com\/en\/the-liberty-kite\/","name":"LibertyKite","description":"Naviguez librement et en toute s\u00e9curit\u00e9 !","potentialAction":[{"@type":"SearchAction","target":{"@type":"EntryPoint","urlTemplate":"https:\/\/libertykite.com\/en\/the-liberty-kite\/?s={search_term_string}"},"query-input":{"@type":"PropertyValueSpecification","valueRequired":true,"valueName":"search_term_string"}}],"inLanguage":"es"}]}},"_links":{"self":[{"href":"https:\/\/libertykite.com\/es\/wp-json\/wp\/v2\/pages\/32125","targetHints":{"allow":["GET"]}}],"collection":[{"href":"https:\/\/libertykite.com\/es\/wp-json\/wp\/v2\/pages"}],"about":[{"href":"https:\/\/libertykite.com\/es\/wp-json\/wp\/v2\/types\/page"}],"author":[{"embeddable":true,"href":"https:\/\/libertykite.com\/es\/wp-json\/wp\/v2\/users\/16"}],"replies":[{"embeddable":true,"href":"https:\/\/libertykite.com\/es\/wp-json\/wp\/v2\/comments?post=32125"}],"version-history":[{"count":3,"href":"https:\/\/libertykite.com\/es\/wp-json\/wp\/v2\/pages\/32125\/revisions"}],"predecessor-version":[{"id":32977,"href":"https:\/\/libertykite.com\/es\/wp-json\/wp\/v2\/pages\/32125\/revisions\/32977"}],"wp:attachment":[{"href":"https:\/\/libertykite.com\/es\/wp-json\/wp\/v2\/media?parent=32125"}],"curies":[{"name":"wp","href":"https:\/\/api.w.org\/{rel}","templated":true}]}}