{"id":31925,"date":"2017-06-21T16:57:20","date_gmt":"2017-06-21T14:57:20","guid":{"rendered":"https:\/\/libertykite.com\/nous-contacter\/"},"modified":"2025-10-21T12:03:03","modified_gmt":"2025-10-21T10:03:03","slug":"nous-contacter","status":"publish","type":"page","link":"https:\/\/libertykite.com\/es\/nous-contacter\/","title":{"rendered":"Cont\u00e1ctenos"},"content":{"rendered":"<p>[et_pb_section fb_built=\u00bb1&#8243; _builder_version=\u00bb4.27.2&#8243; _module_preset=\u00bbdefault\u00bb da_disable_devices=\u00bboff|off|off\u00bb locked=\u00bboff\u00bb global_colors_info=\u00bb{}\u00bb da_is_popup=\u00bboff\u00bb da_exit_intent=\u00bboff\u00bb da_has_close=\u00bbon\u00bb da_alt_close=\u00bboff\u00bb da_dark_close=\u00bboff\u00bb da_not_modal=\u00bbon\u00bb da_is_singular=\u00bboff\u00bb da_with_loader=\u00bboff\u00bb da_has_shadow=\u00bbon\u00bb][et_pb_row column_structure=\u00bb2_5,3_5&#8243; _builder_version=\u00bb4.27.2&#8243; _module_preset=\u00bbdefault\u00bb width=\u00bb88%\u00bb max_width=\u00bb1450px\u00bb global_colors_info=\u00bb{}\u00bb][et_pb_column type=\u00bb2_5&#8243; _builder_version=\u00bb4.27.2&#8243; _module_preset=\u00bbdefault\u00bb global_colors_info=\u00bb{}\u00bb][et_pb_heading title=\u00bbCont\u00e1ctenos y hablemos sobre su proyecto de tracci\u00f3n con cometa\u00bb _builder_version=\u00bb4.27.2&#8243; _module_preset=\u00bbdefault\u00bb title_text_color=\u00bb#E35F0F\u00bb title_font_size=\u00bb35px\u00bb global_colors_info=\u00bb{}\u00bb][\/et_pb_heading][et_pb_text _builder_version=\u00bb4.27.2&#8243; _module_preset=\u00bbdefault\u00bb global_colors_info=\u00bb{}\u00bb]<\/p>\n<p data-start=\"829\" data-end=\"937\">\u00bfLe gustar\u00eda saber m\u00e1s sobre el <strong>LibertyKite<\/strong> y descubrir c\u00f3mo puede <strong>transformar su experiencia de navegaci\u00f3n<\/strong>?<\/p>\n<p data-start=\"939\" data-end=\"1259\">\u00a1Estaremos encantados de hablar con usted!<br data-start=\"981\" data-end=\"984\" \/>Tanto si es aficionado a la n\u00e1utica, navegante experimentado o profesional del sector mar\u00edtimo, nuestro equipo est\u00e1 a su disposici\u00f3n para responder a todas sus preguntas: instalaci\u00f3n a bordo, condiciones de uso, mantenimiento, rendimiento o compatibilidad con su embarcaci\u00f3n.<\/p>\n<p data-start=\"1261\" data-end=\"1445\">Solo tiene que rellenar el formulario que encontrar\u00e1 a continuaci\u00f3n. Tambi\u00e9n puede ponerse en contacto con nosotros directamente por correo electr\u00f3nico o por tel\u00e9fono si lo prefiere.<\/p>\n<p data-start=\"1447\" data-end=\"1528\">\ud83d\udcde +33(0)7 85 86 77 26 o +33(0)5 57 15 22 62<br data-start=\"1491\" data-end=\"1494\" \/>\ud83d\udce7 <a data-start=\"1497\" data-end=\"1526\" class=\"decorated-link cursor-pointer\" rel=\"noopener\">libertykite@beyond-the-sea.fr<\/a><\/p>\n<p>[\/et_pb_text][\/et_pb_column][et_pb_column type=\u00bb3_5&#8243; _builder_version=\u00bb4.27.2&#8243; _module_preset=\u00bbdefault\u00bb global_colors_info=\u00bb{}\u00bb][et_pb_code _builder_version=\u00bb4.27.2&#8243; _module_preset=\u00bbdefault\u00bb custom_margin=\u00bb-18px||||false|false\u00bb custom_padding=\u00bb0px||||false|false\u00bb hover_enabled=\u00bb0&#8243; global_colors_info=\u00bb{}\u00bb sticky_enabled=\u00bb0&#8243;]<\/p>\n<div style=\"width:100%; max-width:800px; margin:0 auto;\"><!-- [et_pb_line_break_holder] -->  <iframe<!-- [et_pb_line_break_holder] -->    aria-label=\u00bbFormulaire produit LIBERTYKITE &#8211; page contact\u00bb<!-- [et_pb_line_break_holder] -->    frameborder=\u00bb0&#8243;   <!-- [et_pb_line_break_holder] -->          src=\u00bbhttps:\/\/forms.zohopublic.eu\/Beyond-the-sea\/form\/EmployeeInformationForm\/formperma\/q8NhjhkSyR7Qx8lvHbzhlRCmzTEKDzRSjYUZ64k88ko?zf_lang=es\u00bb<!-- [et_pb_line_break_holder] -->        <!-- [et_pb_line_break_holder] -->          <!-- [et_pb_line_break_holder] -->    style=\u00bb<!-- [et_pb_line_break_holder] -->      width:100%;<!-- [et_pb_line_break_holder] -->      height:1300px;<!-- [et_pb_line_break_holder] -->      border:none;<!-- [et_pb_line_break_holder] -->      display:block;<!-- [et_pb_line_break_holder] -->      margin:0 auto;<!-- [et_pb_line_break_holder] -->      max-width:100%;<!-- [et_pb_line_break_holder] -->    \u00ab<!-- [et_pb_line_break_holder] -->  ><\/iframe><!-- [et_pb_line_break_holder] --><\/div>\n<p>[\/et_pb_code][\/et_pb_column][\/et_pb_row][\/et_pb_section]<\/p>\n","protected":false},"excerpt":{"rendered":"<p>\u00bfLe gustar\u00eda saber m\u00e1s sobre el LibertyKite y descubrir c\u00f3mo puede transformar su experiencia de navegaci\u00f3n? \u00a1Estaremos encantados de hablar con usted!Tanto si es aficionado a la n\u00e1utica, navegante experimentado o profesional del sector mar\u00edtimo, nuestro equipo est\u00e1 a su disposici\u00f3n para responder a todas sus preguntas: instalaci\u00f3n a bordo, condiciones de uso, mantenimiento, rendimiento [&hellip;]<\/p>\n","protected":false},"author":2,"featured_media":34908,"parent":0,"menu_order":0,"comment_status":"closed","ping_status":"closed","template":"","meta":{"_et_pb_use_builder":"on","_et_pb_old_content":"<p style=\"text-align: center;\">Vous avez des questions \u00e0 propos du LibertyKite ?<\/p><p style=\"text-align: center;\">\u00a0Vous souhaitez prendre contact avec nous pour vos projets ?<\/p><p style=\"text-align: center;\">Veuillez nous contacter en remplissant le formulaire ci-dessous ou par t\u00e9l\u00e9phone au <strong>05 57 15 22 62<\/strong>.<\/p><p>\u00a0<\/p><p>\u00a0<\/p><p>[formidable id=\"7\"]<\/p>","_et_gb_content_width":"","content-type":"","inline_featured_image":false,"_monsterinsights_skip_tracking":false,"_monsterinsights_sitenote_active":false,"_monsterinsights_sitenote_note":"","_monsterinsights_sitenote_category":0,"footnotes":""},"class_list":["post-31925","page","type-page","status-publish","has-post-thumbnail","hentry"],"acf":[],"yoast_head":"<!-- This site is optimized with the Yoast SEO plugin v27.1.1 - https:\/\/yoast.com\/product\/yoast-seo-wordpress\/ -->\n<title>Cont\u00e1ctenos LibertyKite<\/title>\n<meta name=\"description\" content=\"Pour plus d&#039;informations sur notre soci\u00e9t\u00e9 ou sur nos produits LibertyKite, n&#039;h\u00e9sitez pas \u00e0 nous contacter. Nous serions ravis de vous y r\u00e9pondre.\" \/>\n<meta name=\"robots\" content=\"index, follow, max-snippet:-1, max-image-preview:large, max-video-preview:-1\" \/>\n<link rel=\"canonical\" href=\"https:\/\/libertykite.com\/nous-contacter\/\" \/>\n<meta property=\"og:locale\" content=\"es_ES\" \/>\n<meta property=\"og:type\" content=\"article\" \/>\n<meta property=\"og:title\" content=\"Cont\u00e1ctenos LibertyKite\" \/>\n<meta property=\"og:description\" content=\"Pour plus d&#039;informations sur notre soci\u00e9t\u00e9 ou sur nos produits LibertyKite, n&#039;h\u00e9sitez pas \u00e0 nous contacter. Nous serions ravis de vous y r\u00e9pondre.\" \/>\n<meta property=\"og:url\" content=\"https:\/\/libertykite.com\/nous-contacter\/\" \/>\n<meta property=\"og:site_name\" content=\"LibertyKite\" \/>\n<meta property=\"article:modified_time\" content=\"2025-10-21T10:03:03+00:00\" \/>\n<meta property=\"og:image\" content=\"https:\/\/libertykite.com\/wp-content\/uploads\/2021\/10\/LibertyKite-40m2-moteur-voile.jpg\" \/>\n\t<meta property=\"og:image:width\" content=\"1500\" \/>\n\t<meta property=\"og:image:height\" content=\"1000\" \/>\n\t<meta property=\"og:image:type\" content=\"image\/jpeg\" \/>\n<meta name=\"twitter:card\" content=\"summary_large_image\" \/>\n<meta name=\"twitter:label1\" content=\"Tiempo de lectura\" \/>\n\t<meta name=\"twitter:data1\" content=\"3 minutos\" \/>\n<script type=\"application\/ld+json\" class=\"yoast-schema-graph\">{\"@context\":\"https:\/\/schema.org\",\"@graph\":[{\"@type\":\"WebPage\",\"@id\":\"https:\/\/libertykite.com\/nous-contacter\/\",\"url\":\"https:\/\/libertykite.com\/nous-contacter\/\",\"name\":\"Cont\u00e1ctenos LibertyKite\",\"isPartOf\":{\"@id\":\"https:\/\/libertykite.com\/en\/the-liberty-kite\/#website\"},\"primaryImageOfPage\":{\"@id\":\"https:\/\/libertykite.com\/nous-contacter\/#primaryimage\"},\"image\":{\"@id\":\"https:\/\/libertykite.com\/nous-contacter\/#primaryimage\"},\"thumbnailUrl\":\"https:\/\/libertykite.com\/wp-content\/uploads\/2021\/10\/LibertyKite-40m2-moteur-voile.jpg\",\"datePublished\":\"2017-06-21T14:57:20+00:00\",\"dateModified\":\"2025-10-21T10:03:03+00:00\",\"description\":\"Pour plus d'informations sur notre soci\u00e9t\u00e9 ou sur nos produits LibertyKite, n'h\u00e9sitez pas \u00e0 nous contacter. Nous serions ravis de vous y r\u00e9pondre.\",\"breadcrumb\":{\"@id\":\"https:\/\/libertykite.com\/nous-contacter\/#breadcrumb\"},\"inLanguage\":\"es\",\"potentialAction\":[{\"@type\":\"ReadAction\",\"target\":[\"https:\/\/libertykite.com\/nous-contacter\/\"]}]},{\"@type\":\"ImageObject\",\"inLanguage\":\"es\",\"@id\":\"https:\/\/libertykite.com\/nous-contacter\/#primaryimage\",\"url\":\"https:\/\/libertykite.com\/wp-content\/uploads\/2021\/10\/LibertyKite-40m2-moteur-voile.jpg\",\"contentUrl\":\"https:\/\/libertykite.com\/wp-content\/uploads\/2021\/10\/LibertyKite-40m2-moteur-voile.jpg\",\"width\":1500,\"height\":1000,\"caption\":\"LibertyKite 40m2 moteur voile.jpg\"},{\"@type\":\"BreadcrumbList\",\"@id\":\"https:\/\/libertykite.com\/nous-contacter\/#breadcrumb\",\"itemListElement\":[{\"@type\":\"ListItem\",\"position\":1,\"name\":\"Accueil\",\"item\":\"https:\/\/libertykite.com\/\"},{\"@type\":\"ListItem\",\"position\":2,\"name\":\"Cont\u00e1ctenos\"}]},{\"@type\":\"WebSite\",\"@id\":\"https:\/\/libertykite.com\/en\/the-liberty-kite\/#website\",\"url\":\"https:\/\/libertykite.com\/en\/the-liberty-kite\/\",\"name\":\"LibertyKite\",\"description\":\"Naviguez librement et en toute s\u00e9curit\u00e9 !\",\"potentialAction\":[{\"@type\":\"SearchAction\",\"target\":{\"@type\":\"EntryPoint\",\"urlTemplate\":\"https:\/\/libertykite.com\/en\/the-liberty-kite\/?s={search_term_string}\"},\"query-input\":{\"@type\":\"PropertyValueSpecification\",\"valueRequired\":true,\"valueName\":\"search_term_string\"}}],\"inLanguage\":\"es\"}]}<\/script>\n<!-- \/ Yoast SEO plugin. -->","yoast_head_json":{"title":"Cont\u00e1ctenos LibertyKite","description":"Pour plus d'informations sur notre soci\u00e9t\u00e9 ou sur nos produits LibertyKite, n'h\u00e9sitez pas \u00e0 nous contacter. Nous serions ravis de vous y r\u00e9pondre.","robots":{"index":"index","follow":"follow","max-snippet":"max-snippet:-1","max-image-preview":"max-image-preview:large","max-video-preview":"max-video-preview:-1"},"canonical":"https:\/\/libertykite.com\/nous-contacter\/","og_locale":"es_ES","og_type":"article","og_title":"Cont\u00e1ctenos LibertyKite","og_description":"Pour plus d'informations sur notre soci\u00e9t\u00e9 ou sur nos produits LibertyKite, n'h\u00e9sitez pas \u00e0 nous contacter. Nous serions ravis de vous y r\u00e9pondre.","og_url":"https:\/\/libertykite.com\/nous-contacter\/","og_site_name":"LibertyKite","article_modified_time":"2025-10-21T10:03:03+00:00","og_image":[{"width":1500,"height":1000,"url":"https:\/\/libertykite.com\/wp-content\/uploads\/2021\/10\/LibertyKite-40m2-moteur-voile.jpg","type":"image\/jpeg"}],"twitter_card":"summary_large_image","twitter_misc":{"Tiempo de lectura":"3 minutos"},"schema":{"@context":"https:\/\/schema.org","@graph":[{"@type":"WebPage","@id":"https:\/\/libertykite.com\/nous-contacter\/","url":"https:\/\/libertykite.com\/nous-contacter\/","name":"Cont\u00e1ctenos LibertyKite","isPartOf":{"@id":"https:\/\/libertykite.com\/en\/the-liberty-kite\/#website"},"primaryImageOfPage":{"@id":"https:\/\/libertykite.com\/nous-contacter\/#primaryimage"},"image":{"@id":"https:\/\/libertykite.com\/nous-contacter\/#primaryimage"},"thumbnailUrl":"https:\/\/libertykite.com\/wp-content\/uploads\/2021\/10\/LibertyKite-40m2-moteur-voile.jpg","datePublished":"2017-06-21T14:57:20+00:00","dateModified":"2025-10-21T10:03:03+00:00","description":"Pour plus d'informations sur notre soci\u00e9t\u00e9 ou sur nos produits LibertyKite, n'h\u00e9sitez pas \u00e0 nous contacter. Nous serions ravis de vous y r\u00e9pondre.","breadcrumb":{"@id":"https:\/\/libertykite.com\/nous-contacter\/#breadcrumb"},"inLanguage":"es","potentialAction":[{"@type":"ReadAction","target":["https:\/\/libertykite.com\/nous-contacter\/"]}]},{"@type":"ImageObject","inLanguage":"es","@id":"https:\/\/libertykite.com\/nous-contacter\/#primaryimage","url":"https:\/\/libertykite.com\/wp-content\/uploads\/2021\/10\/LibertyKite-40m2-moteur-voile.jpg","contentUrl":"https:\/\/libertykite.com\/wp-content\/uploads\/2021\/10\/LibertyKite-40m2-moteur-voile.jpg","width":1500,"height":1000,"caption":"LibertyKite 40m2 moteur voile.jpg"},{"@type":"BreadcrumbList","@id":"https:\/\/libertykite.com\/nous-contacter\/#breadcrumb","itemListElement":[{"@type":"ListItem","position":1,"name":"Accueil","item":"https:\/\/libertykite.com\/"},{"@type":"ListItem","position":2,"name":"Cont\u00e1ctenos"}]},{"@type":"WebSite","@id":"https:\/\/libertykite.com\/en\/the-liberty-kite\/#website","url":"https:\/\/libertykite.com\/en\/the-liberty-kite\/","name":"LibertyKite","description":"Naviguez librement et en toute s\u00e9curit\u00e9 !","potentialAction":[{"@type":"SearchAction","target":{"@type":"EntryPoint","urlTemplate":"https:\/\/libertykite.com\/en\/the-liberty-kite\/?s={search_term_string}"},"query-input":{"@type":"PropertyValueSpecification","valueRequired":true,"valueName":"search_term_string"}}],"inLanguage":"es"}]}},"_links":{"self":[{"href":"https:\/\/libertykite.com\/es\/wp-json\/wp\/v2\/pages\/31925","targetHints":{"allow":["GET"]}}],"collection":[{"href":"https:\/\/libertykite.com\/es\/wp-json\/wp\/v2\/pages"}],"about":[{"href":"https:\/\/libertykite.com\/es\/wp-json\/wp\/v2\/types\/page"}],"author":[{"embeddable":true,"href":"https:\/\/libertykite.com\/es\/wp-json\/wp\/v2\/users\/2"}],"replies":[{"embeddable":true,"href":"https:\/\/libertykite.com\/es\/wp-json\/wp\/v2\/comments?post=31925"}],"version-history":[{"count":41,"href":"https:\/\/libertykite.com\/es\/wp-json\/wp\/v2\/pages\/31925\/revisions"}],"predecessor-version":[{"id":36373,"href":"https:\/\/libertykite.com\/es\/wp-json\/wp\/v2\/pages\/31925\/revisions\/36373"}],"wp:featuredmedia":[{"embeddable":true,"href":"https:\/\/libertykite.com\/es\/wp-json\/wp\/v2\/media\/34908"}],"wp:attachment":[{"href":"https:\/\/libertykite.com\/es\/wp-json\/wp\/v2\/media?parent=31925"}],"curies":[{"name":"wp","href":"https:\/\/api.w.org\/{rel}","templated":true}]}}