{"id":31639,"date":"2023-07-06T11:46:29","date_gmt":"2023-07-06T09:46:29","guid":{"rendered":"https:\/\/libertykite.com\/our-team\/"},"modified":"2024-01-16T15:56:31","modified_gmt":"2024-01-16T14:56:31","slug":"our-team","status":"publish","type":"page","link":"https:\/\/libertykite.com\/en\/our-team\/","title":{"rendered":"Our team"},"content":{"rendered":"<p>[et_pb_section fb_built=&#8221;1&#8243; _builder_version=&#8221;4.21.0&#8243; _module_preset=&#8221;default&#8221; custom_padding=&#8221;25px|||||&#8221; da_disable_devices=&#8221;off|off|off&#8221; global_colors_info=&#8221;{}&#8221; da_is_popup=&#8221;off&#8221; da_exit_intent=&#8221;off&#8221; da_has_close=&#8221;on&#8221; da_alt_close=&#8221;off&#8221; da_dark_close=&#8221;off&#8221; da_not_modal=&#8221;on&#8221; da_is_singular=&#8221;off&#8221; da_with_loader=&#8221;off&#8221; da_has_shadow=&#8221;on&#8221;][et_pb_row _builder_version=&#8221;4.16&#8243; background_size=&#8221;initial&#8221; background_position=&#8221;top_left&#8221; background_repeat=&#8221;repeat&#8221; locked=&#8221;off&#8221; global_colors_info=&#8221;{}&#8221;][et_pb_column type=&#8221;4_4&#8243; _builder_version=&#8221;4.16&#8243; custom_padding=&#8221;|||&#8221; global_colors_info=&#8221;{}&#8221; custom_padding__hover=&#8221;|||&#8221;][et_pb_text _builder_version=&#8221;4.22.1&#8243; _module_preset=&#8221;default&#8221; header_font=&#8221;|||||||#E35F22|&#8221; header_text_align=&#8221;center&#8221; header_text_color=&#8221;#000000&#8243; custom_margin=&#8221;|350px||350px|false|true&#8221; custom_margin_tablet=&#8221;|10px||10px|false|true&#8221; custom_margin_phone=&#8221;|10px||10px|false|true&#8221; custom_margin_last_edited=&#8221;on|tablet&#8221; custom_padding=&#8221;0px||||false|true&#8221; border_width_bottom=&#8221;2px&#8221; border_color_bottom=&#8221;#E35F22&#8243; global_colors_info=&#8221;{}&#8221;]<\/p>\n<h1>Our team<\/h1>\n<p>[\/et_pb_text][\/et_pb_column][\/et_pb_row][et_pb_row column_structure=&#8221;1_4,1_4,1_4,1_4&#8243; make_equal=&#8221;on&#8221; _builder_version=&#8221;4.22.1&#8243; _module_preset=&#8221;default&#8221; hover_enabled=&#8221;0&#8243; border_color_bottom=&#8221;#E35F22&#8243; global_colors_info=&#8221;{}&#8221; width=&#8221;90%&#8221; sticky_enabled=&#8221;0&#8243; max_width=&#8221;80%&#8221; locked=&#8221;off&#8221;][et_pb_column type=&#8221;1_4&#8243; _builder_version=&#8221;4.22.1&#8243; _module_preset=&#8221;default&#8221; border_color_bottom=&#8221;#E35F22&#8243; global_colors_info=&#8221;{}&#8221;][et_pb_image src=&#8221;https:\/\/libertykite.com\/wp-content\/uploads\/2023\/09\/yves-p-1.jpeg&#8221; title_text=&#8221;yves-p-1&#8243; align=&#8221;center&#8221; _builder_version=&#8221;4.22.1&#8243; _module_preset=&#8221;default&#8221; global_colors_info=&#8221;{}&#8221;][\/et_pb_image][et_pb_text _builder_version=&#8221;4.22.1&#8243; _module_preset=&#8221;default&#8221; header_3_font=&#8221;|600|||||||&#8221; header_3_text_align=&#8221;center&#8221; header_3_text_color=&#8221;#000000&#8243; header_3_font_size=&#8221;23px&#8221; text_orientation=&#8221;center&#8221; custom_padding=&#8221;||52px|||&#8221; global_colors_info=&#8221;{}&#8221;]<\/p>\n<h3>YVES PARLIER<\/h3>\n<p>President and Founder<\/p>\n<p>[\/et_pb_text][\/et_pb_column][et_pb_column type=&#8221;1_4&#8243; _builder_version=&#8221;4.22.1&#8243; _module_preset=&#8221;default&#8221; border_color_bottom=&#8221;#E35F22&#8243; global_colors_info=&#8221;{}&#8221;][et_pb_image src=&#8221;https:\/\/libertykite.com\/wp-content\/uploads\/2023\/09\/eric-p-1.jpeg&#8221; title_text=&#8221;eric-p-1&#8243; align=&#8221;center&#8221; _builder_version=&#8221;4.22.1&#8243; _module_preset=&#8221;default&#8221; global_colors_info=&#8221;{}&#8221;][\/et_pb_image][et_pb_text _builder_version=&#8221;4.21.0&#8243; _module_preset=&#8221;default&#8221; header_3_font=&#8221;|600|||||||&#8221; header_3_text_align=&#8221;center&#8221; header_3_text_color=&#8221;#000000&#8243; header_3_font_size=&#8221;23px&#8221; text_orientation=&#8221;center&#8221; custom_padding=&#8221;||52px|||&#8221; global_colors_info=&#8221;{}&#8221;]<\/p>\n<h3>\u00c9RIC PELAPRAT<\/h3>\n<p>Product Manager LibertyKite<\/p>\n<p>[\/et_pb_text][\/et_pb_column][et_pb_column type=&#8221;1_4&#8243; _builder_version=&#8221;4.21.0&#8243; _module_preset=&#8221;default&#8221; border_color_bottom=&#8221;#E35F22&#8243; global_colors_info=&#8221;{}&#8221;][et_pb_image src=&#8221;https:\/\/libertykite.com\/wp-content\/uploads\/2023\/09\/antoine-d-1.jpeg&#8221; title_text=&#8221;antoine-d-1&#8243; align=&#8221;center&#8221; _builder_version=&#8221;4.22.1&#8243; _module_preset=&#8221;default&#8221; global_colors_info=&#8221;{}&#8221;][\/et_pb_image][et_pb_text _builder_version=&#8221;4.21.0&#8243; _module_preset=&#8221;default&#8221; header_3_font=&#8221;|600|||||||&#8221; header_3_text_align=&#8221;center&#8221; header_3_text_color=&#8221;#000000&#8243; header_3_font_size=&#8221;23px&#8221; text_orientation=&#8221;center&#8221; custom_padding=&#8221;||52px|||&#8221; global_colors_info=&#8221;{}&#8221;]<\/p>\n<h3>ANTOINE DECHAUFOUR<\/h3>\n<p>Naval Engineer in charge<br \/>of the Sales department<\/p>\n<p>[\/et_pb_text][\/et_pb_column][et_pb_column type=&#8221;1_4&#8243; _builder_version=&#8221;4.21.0&#8243; _module_preset=&#8221;default&#8221; border_color_bottom=&#8221;#E35F22&#8243; global_colors_info=&#8221;{}&#8221;][et_pb_image src=&#8221;https:\/\/libertykite.com\/wp-content\/uploads\/2024\/01\/remi-harle.jpg&#8221; title_text=&#8221;remi-harle&#8221; align=&#8221;center&#8221; _builder_version=&#8221;4.22.1&#8243; _module_preset=&#8221;default&#8221; hover_enabled=&#8221;0&#8243; global_colors_info=&#8221;{}&#8221; sticky_enabled=&#8221;0&#8243;][\/et_pb_image][et_pb_text _builder_version=&#8221;4.22.1&#8243; _module_preset=&#8221;default&#8221; header_3_font=&#8221;|600|||||||&#8221; header_3_text_align=&#8221;center&#8221; header_3_text_color=&#8221;#000000&#8243; header_3_font_size=&#8221;23px&#8221; text_orientation=&#8221;center&#8221; custom_padding=&#8221;||52px|||&#8221; hover_enabled=&#8221;0&#8243; global_colors_info=&#8221;{}&#8221; sticky_enabled=&#8221;0&#8243;]<\/p>\n<h3>R\u00c9MI HARL\u00c9<\/h3>\n<p>Sales representative<\/p>\n<p>[\/et_pb_text][\/et_pb_column][\/et_pb_row][\/et_pb_section]<\/p>\n","protected":false},"excerpt":{"rendered":"<p>Our teamYVES PARLIER President and Founder\u00c9RIC PELAPRAT Product Manager LibertyKiteANTOINE DECHAUFOUR Naval Engineer in chargeof the Sales departmentR\u00c9MI HARL\u00c9 Sales representative<\/p>\n","protected":false},"author":16,"featured_media":0,"parent":0,"menu_order":0,"comment_status":"closed","ping_status":"closed","template":"","meta":{"_et_pb_use_builder":"on","_et_pb_old_content":"","_et_gb_content_width":"","content-type":"","inline_featured_image":false,"_monsterinsights_skip_tracking":false,"_monsterinsights_sitenote_active":false,"_monsterinsights_sitenote_note":"","_monsterinsights_sitenote_category":0,"footnotes":""},"class_list":["post-31639","page","type-page","status-publish","hentry"],"acf":[],"yoast_head":"<!-- This site is optimized with the Yoast SEO plugin v27.1.1 - https:\/\/yoast.com\/product\/yoast-seo-wordpress\/ -->\n<title>Our team - LibertyKite<\/title>\n<meta name=\"robots\" content=\"index, follow, max-snippet:-1, max-image-preview:large, max-video-preview:-1\" \/>\n<link rel=\"canonical\" href=\"https:\/\/libertykite.com\/notre-equipe\/\" \/>\n<meta property=\"og:locale\" content=\"en_US\" \/>\n<meta property=\"og:type\" content=\"article\" \/>\n<meta property=\"og:title\" content=\"Our team - LibertyKite\" \/>\n<meta property=\"og:description\" content=\"Our teamYVES PARLIER President and Founder\u00c9RIC PELAPRAT Product Manager LibertyKiteANTOINE DECHAUFOUR Naval Engineer in chargeof the Sales departmentR\u00c9MI HARL\u00c9 Sales representative\" \/>\n<meta property=\"og:url\" content=\"https:\/\/libertykite.com\/notre-equipe\/\" \/>\n<meta property=\"og:site_name\" content=\"LibertyKite\" \/>\n<meta property=\"article:modified_time\" content=\"2024-01-16T14:56:31+00:00\" \/>\n<meta name=\"twitter:card\" content=\"summary_large_image\" \/>\n<meta name=\"twitter:label1\" content=\"Est. reading time\" \/>\n\t<meta name=\"twitter:data1\" content=\"3 minutes\" \/>\n<script type=\"application\/ld+json\" class=\"yoast-schema-graph\">{\"@context\":\"https:\/\/schema.org\",\"@graph\":[{\"@type\":\"WebPage\",\"@id\":\"https:\/\/libertykite.com\/notre-equipe\/\",\"url\":\"https:\/\/libertykite.com\/notre-equipe\/\",\"name\":\"Our team - LibertyKite\",\"isPartOf\":{\"@id\":\"https:\/\/libertykite.com\/en\/the-liberty-kite\/#website\"},\"datePublished\":\"2023-07-06T09:46:29+00:00\",\"dateModified\":\"2024-01-16T14:56:31+00:00\",\"breadcrumb\":{\"@id\":\"https:\/\/libertykite.com\/notre-equipe\/#breadcrumb\"},\"inLanguage\":\"en-US\",\"potentialAction\":[{\"@type\":\"ReadAction\",\"target\":[\"https:\/\/libertykite.com\/notre-equipe\/\"]}]},{\"@type\":\"BreadcrumbList\",\"@id\":\"https:\/\/libertykite.com\/notre-equipe\/#breadcrumb\",\"itemListElement\":[{\"@type\":\"ListItem\",\"position\":1,\"name\":\"Accueil\",\"item\":\"https:\/\/libertykite.com\/\"},{\"@type\":\"ListItem\",\"position\":2,\"name\":\"Our team\"}]},{\"@type\":\"WebSite\",\"@id\":\"https:\/\/libertykite.com\/en\/the-liberty-kite\/#website\",\"url\":\"https:\/\/libertykite.com\/en\/the-liberty-kite\/\",\"name\":\"LibertyKite\",\"description\":\"Naviguez librement et en toute s\u00e9curit\u00e9 !\",\"potentialAction\":[{\"@type\":\"SearchAction\",\"target\":{\"@type\":\"EntryPoint\",\"urlTemplate\":\"https:\/\/libertykite.com\/en\/the-liberty-kite\/?s={search_term_string}\"},\"query-input\":{\"@type\":\"PropertyValueSpecification\",\"valueRequired\":true,\"valueName\":\"search_term_string\"}}],\"inLanguage\":\"en-US\"}]}<\/script>\n<!-- \/ Yoast SEO plugin. -->","yoast_head_json":{"title":"Our team - LibertyKite","robots":{"index":"index","follow":"follow","max-snippet":"max-snippet:-1","max-image-preview":"max-image-preview:large","max-video-preview":"max-video-preview:-1"},"canonical":"https:\/\/libertykite.com\/notre-equipe\/","og_locale":"en_US","og_type":"article","og_title":"Our team - LibertyKite","og_description":"Our teamYVES PARLIER President and Founder\u00c9RIC PELAPRAT Product Manager LibertyKiteANTOINE DECHAUFOUR Naval Engineer in chargeof the Sales departmentR\u00c9MI HARL\u00c9 Sales representative","og_url":"https:\/\/libertykite.com\/notre-equipe\/","og_site_name":"LibertyKite","article_modified_time":"2024-01-16T14:56:31+00:00","twitter_card":"summary_large_image","twitter_misc":{"Est. reading time":"3 minutes"},"schema":{"@context":"https:\/\/schema.org","@graph":[{"@type":"WebPage","@id":"https:\/\/libertykite.com\/notre-equipe\/","url":"https:\/\/libertykite.com\/notre-equipe\/","name":"Our team - LibertyKite","isPartOf":{"@id":"https:\/\/libertykite.com\/en\/the-liberty-kite\/#website"},"datePublished":"2023-07-06T09:46:29+00:00","dateModified":"2024-01-16T14:56:31+00:00","breadcrumb":{"@id":"https:\/\/libertykite.com\/notre-equipe\/#breadcrumb"},"inLanguage":"en-US","potentialAction":[{"@type":"ReadAction","target":["https:\/\/libertykite.com\/notre-equipe\/"]}]},{"@type":"BreadcrumbList","@id":"https:\/\/libertykite.com\/notre-equipe\/#breadcrumb","itemListElement":[{"@type":"ListItem","position":1,"name":"Accueil","item":"https:\/\/libertykite.com\/"},{"@type":"ListItem","position":2,"name":"Our team"}]},{"@type":"WebSite","@id":"https:\/\/libertykite.com\/en\/the-liberty-kite\/#website","url":"https:\/\/libertykite.com\/en\/the-liberty-kite\/","name":"LibertyKite","description":"Naviguez librement et en toute s\u00e9curit\u00e9 !","potentialAction":[{"@type":"SearchAction","target":{"@type":"EntryPoint","urlTemplate":"https:\/\/libertykite.com\/en\/the-liberty-kite\/?s={search_term_string}"},"query-input":{"@type":"PropertyValueSpecification","valueRequired":true,"valueName":"search_term_string"}}],"inLanguage":"en-US"}]}},"_links":{"self":[{"href":"https:\/\/libertykite.com\/en\/wp-json\/wp\/v2\/pages\/31639","targetHints":{"allow":["GET"]}}],"collection":[{"href":"https:\/\/libertykite.com\/en\/wp-json\/wp\/v2\/pages"}],"about":[{"href":"https:\/\/libertykite.com\/en\/wp-json\/wp\/v2\/types\/page"}],"author":[{"embeddable":true,"href":"https:\/\/libertykite.com\/en\/wp-json\/wp\/v2\/users\/16"}],"replies":[{"embeddable":true,"href":"https:\/\/libertykite.com\/en\/wp-json\/wp\/v2\/comments?post=31639"}],"version-history":[{"count":5,"href":"https:\/\/libertykite.com\/en\/wp-json\/wp\/v2\/pages\/31639\/revisions"}],"predecessor-version":[{"id":32673,"href":"https:\/\/libertykite.com\/en\/wp-json\/wp\/v2\/pages\/31639\/revisions\/32673"}],"wp:attachment":[{"href":"https:\/\/libertykite.com\/en\/wp-json\/wp\/v2\/media?parent=31639"}],"curies":[{"name":"wp","href":"https:\/\/api.w.org\/{rel}","templated":true}]}}